{"id":9920,"date":"2024-12-04T15:25:21","date_gmt":"2024-12-04T14:25:21","guid":{"rendered":"https:\/\/domaine-des-chenes.fr\/accueil-groupe\/"},"modified":"2024-12-10T09:13:02","modified_gmt":"2024-12-10T08:13:02","slug":"welcome-groups","status":"publish","type":"page","link":"https:\/\/domaine-des-chenes.fr\/de\/welcome-groups\/","title":{"rendered":"Accueil groupe"},"content":{"rendered":"","protected":false},"excerpt":{"rendered":"","protected":false},"author":1,"featured_media":6398,"parent":0,"menu_order":0,"comment_status":"closed","ping_status":"closed","template":"","meta":{"footnotes":""},"class_list":["post-9920","page","type-page","status-publish","has-post-thumbnail","hentry"],"yoast_head":"<!-- This site is optimized with the Yoast SEO plugin v25.3 - https:\/\/yoast.com\/wordpress\/plugins\/seo\/ -->\n<title>Seminar Ard\u00e8che | Organisieren Sie Ihr Seminar &amp; Teambuilding<\/title>\n<meta name=\"description\" content=\"Organisieren Sie Ihr Seminar in der Ard\u00e8che: nat\u00fcrliche Umgebung, moderne Ausstattung, Teambuilding-Aktivit\u00e4ten. Buchen Sie jetzt f\u00fcr ein erfolgreiches Erlebnis!\" \/>\n<meta name=\"robots\" content=\"index, follow, max-snippet:-1, max-image-preview:large, max-video-preview:-1\" \/>\n<link rel=\"canonical\" href=\"https:\/\/domaine-des-chenes.fr\/de\/welcome-groups\/\" \/>\n<meta property=\"og:locale\" content=\"de_DE\" \/>\n<meta property=\"og:type\" content=\"article\" \/>\n<meta property=\"og:title\" content=\"Seminar Ard\u00e8che | Organisieren Sie Ihr Seminar &amp; Teambuilding\" \/>\n<meta property=\"og:description\" content=\"Organisieren Sie Ihr Seminar in der Ard\u00e8che: nat\u00fcrliche Umgebung, moderne Ausstattung, Teambuilding-Aktivit\u00e4ten. Buchen Sie jetzt f\u00fcr ein erfolgreiches Erlebnis!\" \/>\n<meta property=\"og:url\" content=\"https:\/\/domaine-des-chenes.fr\/de\/welcome-groups\/\" \/>\n<meta property=\"og:site_name\" content=\"Domaine des Ch\u00eanes\" \/>\n<meta property=\"article:modified_time\" content=\"2024-12-10T08:13:02+00:00\" \/>\n<meta property=\"og:image\" content=\"https:\/\/domaine-des-chenes.fr\/wp-content\/uploads\/2019\/09\/accueil-groupe-ardeche.jpg\" \/>\n\t<meta property=\"og:image:width\" content=\"1600\" \/>\n\t<meta property=\"og:image:height\" content=\"400\" \/>\n\t<meta property=\"og:image:type\" content=\"image\/jpeg\" \/>\n<meta name=\"twitter:card\" content=\"summary_large_image\" \/>\n<script type=\"application\/ld+json\" class=\"yoast-schema-graph\">{\"@context\":\"https:\/\/schema.org\",\"@graph\":[{\"@type\":\"WebPage\",\"@id\":\"https:\/\/domaine-des-chenes.fr\/de\/welcome-groups\/\",\"url\":\"https:\/\/domaine-des-chenes.fr\/de\/welcome-groups\/\",\"name\":\"Seminar Ard\u00e8che | Organisieren Sie Ihr Seminar & Teambuilding\",\"isPartOf\":{\"@id\":\"https:\/\/domaine-des-chenes.fr\/de\/#website\"},\"primaryImageOfPage\":{\"@id\":\"https:\/\/domaine-des-chenes.fr\/de\/welcome-groups\/#primaryimage\"},\"image\":{\"@id\":\"https:\/\/domaine-des-chenes.fr\/de\/welcome-groups\/#primaryimage\"},\"thumbnailUrl\":\"https:\/\/domaine-des-chenes.fr\/wp-content\/uploads\/2019\/09\/accueil-groupe-ardeche.jpg\",\"datePublished\":\"2024-12-04T14:25:21+00:00\",\"dateModified\":\"2024-12-10T08:13:02+00:00\",\"description\":\"Organisieren Sie Ihr Seminar in der Ard\u00e8che: nat\u00fcrliche Umgebung, moderne Ausstattung, Teambuilding-Aktivit\u00e4ten. Buchen Sie jetzt f\u00fcr ein erfolgreiches Erlebnis!\",\"breadcrumb\":{\"@id\":\"https:\/\/domaine-des-chenes.fr\/de\/welcome-groups\/#breadcrumb\"},\"inLanguage\":\"de\",\"potentialAction\":[{\"@type\":\"ReadAction\",\"target\":[\"https:\/\/domaine-des-chenes.fr\/de\/welcome-groups\/\"]}]},{\"@type\":\"ImageObject\",\"inLanguage\":\"de\",\"@id\":\"https:\/\/domaine-des-chenes.fr\/de\/welcome-groups\/#primaryimage\",\"url\":\"https:\/\/domaine-des-chenes.fr\/wp-content\/uploads\/2019\/09\/accueil-groupe-ardeche.jpg\",\"contentUrl\":\"https:\/\/domaine-des-chenes.fr\/wp-content\/uploads\/2019\/09\/accueil-groupe-ardeche.jpg\",\"width\":1600,\"height\":400,\"caption\":\"accueil groupe Ard\u00e8che\"},{\"@type\":\"BreadcrumbList\",\"@id\":\"https:\/\/domaine-des-chenes.fr\/de\/welcome-groups\/#breadcrumb\",\"itemListElement\":[{\"@type\":\"ListItem\",\"position\":1,\"name\":\"Campingplatz Ard\u00e8che\",\"item\":\"https:\/\/domaine-des-chenes.fr\/de\/\"},{\"@type\":\"ListItem\",\"position\":2,\"name\":\"Ard\u00e8che Seminar\"}]},{\"@type\":\"WebSite\",\"@id\":\"https:\/\/domaine-des-chenes.fr\/de\/#website\",\"url\":\"https:\/\/domaine-des-chenes.fr\/de\/\",\"name\":\"Domaine des Ch\u00eanes\",\"description\":\"\",\"potentialAction\":[{\"@type\":\"SearchAction\",\"target\":{\"@type\":\"EntryPoint\",\"urlTemplate\":\"https:\/\/domaine-des-chenes.fr\/de\/?s={search_term_string}\"},\"query-input\":{\"@type\":\"PropertyValueSpecification\",\"valueRequired\":true,\"valueName\":\"search_term_string\"}}],\"inLanguage\":\"de\"}]}<\/script>\n<!-- \/ Yoast SEO plugin. -->","yoast_head_json":{"title":"Seminar Ard\u00e8che | Organisieren Sie Ihr Seminar & Teambuilding","description":"Organisieren Sie Ihr Seminar in der Ard\u00e8che: nat\u00fcrliche Umgebung, moderne Ausstattung, Teambuilding-Aktivit\u00e4ten. Buchen Sie jetzt f\u00fcr ein erfolgreiches Erlebnis!","robots":{"index":"index","follow":"follow","max-snippet":"max-snippet:-1","max-image-preview":"max-image-preview:large","max-video-preview":"max-video-preview:-1"},"canonical":"https:\/\/domaine-des-chenes.fr\/de\/welcome-groups\/","og_locale":"de_DE","og_type":"article","og_title":"Seminar Ard\u00e8che | Organisieren Sie Ihr Seminar & Teambuilding","og_description":"Organisieren Sie Ihr Seminar in der Ard\u00e8che: nat\u00fcrliche Umgebung, moderne Ausstattung, Teambuilding-Aktivit\u00e4ten. Buchen Sie jetzt f\u00fcr ein erfolgreiches Erlebnis!","og_url":"https:\/\/domaine-des-chenes.fr\/de\/welcome-groups\/","og_site_name":"Domaine des Ch\u00eanes","article_modified_time":"2024-12-10T08:13:02+00:00","og_image":[{"width":1600,"height":400,"url":"https:\/\/domaine-des-chenes.fr\/wp-content\/uploads\/2019\/09\/accueil-groupe-ardeche.jpg","type":"image\/jpeg"}],"twitter_card":"summary_large_image","schema":{"@context":"https:\/\/schema.org","@graph":[{"@type":"WebPage","@id":"https:\/\/domaine-des-chenes.fr\/de\/welcome-groups\/","url":"https:\/\/domaine-des-chenes.fr\/de\/welcome-groups\/","name":"Seminar Ard\u00e8che | Organisieren Sie Ihr Seminar & Teambuilding","isPartOf":{"@id":"https:\/\/domaine-des-chenes.fr\/de\/#website"},"primaryImageOfPage":{"@id":"https:\/\/domaine-des-chenes.fr\/de\/welcome-groups\/#primaryimage"},"image":{"@id":"https:\/\/domaine-des-chenes.fr\/de\/welcome-groups\/#primaryimage"},"thumbnailUrl":"https:\/\/domaine-des-chenes.fr\/wp-content\/uploads\/2019\/09\/accueil-groupe-ardeche.jpg","datePublished":"2024-12-04T14:25:21+00:00","dateModified":"2024-12-10T08:13:02+00:00","description":"Organisieren Sie Ihr Seminar in der Ard\u00e8che: nat\u00fcrliche Umgebung, moderne Ausstattung, Teambuilding-Aktivit\u00e4ten. Buchen Sie jetzt f\u00fcr ein erfolgreiches Erlebnis!","breadcrumb":{"@id":"https:\/\/domaine-des-chenes.fr\/de\/welcome-groups\/#breadcrumb"},"inLanguage":"de","potentialAction":[{"@type":"ReadAction","target":["https:\/\/domaine-des-chenes.fr\/de\/welcome-groups\/"]}]},{"@type":"ImageObject","inLanguage":"de","@id":"https:\/\/domaine-des-chenes.fr\/de\/welcome-groups\/#primaryimage","url":"https:\/\/domaine-des-chenes.fr\/wp-content\/uploads\/2019\/09\/accueil-groupe-ardeche.jpg","contentUrl":"https:\/\/domaine-des-chenes.fr\/wp-content\/uploads\/2019\/09\/accueil-groupe-ardeche.jpg","width":1600,"height":400,"caption":"accueil groupe Ard\u00e8che"},{"@type":"BreadcrumbList","@id":"https:\/\/domaine-des-chenes.fr\/de\/welcome-groups\/#breadcrumb","itemListElement":[{"@type":"ListItem","position":1,"name":"Campingplatz Ard\u00e8che","item":"https:\/\/domaine-des-chenes.fr\/de\/"},{"@type":"ListItem","position":2,"name":"Ard\u00e8che Seminar"}]},{"@type":"WebSite","@id":"https:\/\/domaine-des-chenes.fr\/de\/#website","url":"https:\/\/domaine-des-chenes.fr\/de\/","name":"Domaine des Ch\u00eanes","description":"","potentialAction":[{"@type":"SearchAction","target":{"@type":"EntryPoint","urlTemplate":"https:\/\/domaine-des-chenes.fr\/de\/?s={search_term_string}"},"query-input":{"@type":"PropertyValueSpecification","valueRequired":true,"valueName":"search_term_string"}}],"inLanguage":"de"}]}},"_links":{"self":[{"href":"https:\/\/domaine-des-chenes.fr\/de\/wp-json\/wp\/v2\/pages\/9920"}],"collection":[{"href":"https:\/\/domaine-des-chenes.fr\/de\/wp-json\/wp\/v2\/pages"}],"about":[{"href":"https:\/\/domaine-des-chenes.fr\/de\/wp-json\/wp\/v2\/types\/page"}],"author":[{"embeddable":true,"href":"https:\/\/domaine-des-chenes.fr\/de\/wp-json\/wp\/v2\/users\/1"}],"replies":[{"embeddable":true,"href":"https:\/\/domaine-des-chenes.fr\/de\/wp-json\/wp\/v2\/comments?post=9920"}],"version-history":[{"count":1,"href":"https:\/\/domaine-des-chenes.fr\/de\/wp-json\/wp\/v2\/pages\/9920\/revisions"}],"predecessor-version":[{"id":9935,"href":"https:\/\/domaine-des-chenes.fr\/de\/wp-json\/wp\/v2\/pages\/9920\/revisions\/9935"}],"wp:featuredmedia":[{"embeddable":true,"href":"https:\/\/domaine-des-chenes.fr\/de\/wp-json\/wp\/v2\/media\/6398"}],"wp:attachment":[{"href":"https:\/\/domaine-des-chenes.fr\/de\/wp-json\/wp\/v2\/media?parent=9920"}],"curies":[{"name":"wp","href":"https:\/\/api.w.org\/{rel}","templated":true}]}}