{"id":8326,"date":"2022-04-12T09:39:06","date_gmt":"2022-04-12T07:39:06","guid":{"rendered":"https:\/\/domaine-des-chenes.fr\/location-maisonnettes-ardeche\/"},"modified":"2024-12-10T11:13:06","modified_gmt":"2024-12-10T10:13:06","slug":"vermietung-von-schindeln","status":"publish","type":"page","link":"https:\/\/domaine-des-chenes.fr\/de\/vermietung-von-schindeln\/","title":{"rendered":"Vermietung von Maisonnettes Ardeche"},"content":{"rendered":"","protected":false},"excerpt":{"rendered":"","protected":false},"author":1,"featured_media":0,"parent":0,"menu_order":0,"comment_status":"closed","ping_status":"closed","template":"","meta":{"footnotes":""},"class_list":["post-8326","page","type-page","status-publish","hentry"],"yoast_head":"<!-- This site is optimized with the Yoast SEO plugin v25.3 - https:\/\/yoast.com\/wordpress\/plugins\/seo\/ -->\n<title>vermietung-von-schindelnVermietung von Maisonetten Ardeche - Camping 4* Domaine des Ch\u00eanes<\/title>\n<meta name=\"description\" content=\"Mieten Sie charmante H\u00e4uschen in der Ard\u00e8che-Region, eingebettet im Herzen des Weinguts Domaine des Ch\u00eanes. Ruhige, l\u00e4ndliche Umgebung mit einfachem Zugang zu Aktivit\u00e4ten im Freien.\" \/>\n<meta name=\"robots\" content=\"index, follow, max-snippet:-1, max-image-preview:large, max-video-preview:-1\" \/>\n<link rel=\"canonical\" href=\"https:\/\/domaine-des-chenes.fr\/de\/vermietung-von-schindeln\/\" \/>\n<meta property=\"og:locale\" content=\"de_DE\" \/>\n<meta property=\"og:type\" content=\"article\" \/>\n<meta property=\"og:title\" content=\"vermietung-von-schindelnVermietung von Maisonetten Ardeche - Camping 4* Domaine des Ch\u00eanes\" \/>\n<meta property=\"og:description\" content=\"Mieten Sie charmante H\u00e4uschen in der Ard\u00e8che-Region, eingebettet im Herzen des Weinguts Domaine des Ch\u00eanes. Ruhige, l\u00e4ndliche Umgebung mit einfachem Zugang zu Aktivit\u00e4ten im Freien.\" \/>\n<meta property=\"og:url\" content=\"https:\/\/domaine-des-chenes.fr\/de\/vermietung-von-schindeln\/\" \/>\n<meta property=\"og:site_name\" content=\"Domaine des Ch\u00eanes\" \/>\n<meta property=\"article:modified_time\" content=\"2024-12-10T10:13:06+00:00\" \/>\n<meta name=\"twitter:card\" content=\"summary_large_image\" \/>\n<script type=\"application\/ld+json\" class=\"yoast-schema-graph\">{\"@context\":\"https:\/\/schema.org\",\"@graph\":[{\"@type\":\"WebPage\",\"@id\":\"https:\/\/domaine-des-chenes.fr\/de\/vermietung-von-schindeln\/\",\"url\":\"https:\/\/domaine-des-chenes.fr\/de\/vermietung-von-schindeln\/\",\"name\":\"vermietung-von-schindelnVermietung von Maisonetten Ardeche - Camping 4* Domaine des Ch\u00eanes\",\"isPartOf\":{\"@id\":\"https:\/\/domaine-des-chenes.fr\/de\/#website\"},\"datePublished\":\"2022-04-12T07:39:06+00:00\",\"dateModified\":\"2024-12-10T10:13:06+00:00\",\"description\":\"Mieten Sie charmante H\u00e4uschen in der Ard\u00e8che-Region, eingebettet im Herzen des Weinguts Domaine des Ch\u00eanes. Ruhige, l\u00e4ndliche Umgebung mit einfachem Zugang zu Aktivit\u00e4ten im Freien.\",\"breadcrumb\":{\"@id\":\"https:\/\/domaine-des-chenes.fr\/de\/vermietung-von-schindeln\/#breadcrumb\"},\"inLanguage\":\"de\",\"potentialAction\":[{\"@type\":\"ReadAction\",\"target\":[\"https:\/\/domaine-des-chenes.fr\/de\/vermietung-von-schindeln\/\"]}]},{\"@type\":\"BreadcrumbList\",\"@id\":\"https:\/\/domaine-des-chenes.fr\/de\/vermietung-von-schindeln\/#breadcrumb\",\"itemListElement\":[{\"@type\":\"ListItem\",\"position\":1,\"name\":\"Campingplatz Ard\u00e8che\",\"item\":\"https:\/\/domaine-des-chenes.fr\/de\/\"},{\"@type\":\"ListItem\",\"position\":2,\"name\":\"Vermietung von Maisonnettes Ardeche\"}]},{\"@type\":\"WebSite\",\"@id\":\"https:\/\/domaine-des-chenes.fr\/de\/#website\",\"url\":\"https:\/\/domaine-des-chenes.fr\/de\/\",\"name\":\"Domaine des Ch\u00eanes\",\"description\":\"\",\"potentialAction\":[{\"@type\":\"SearchAction\",\"target\":{\"@type\":\"EntryPoint\",\"urlTemplate\":\"https:\/\/domaine-des-chenes.fr\/de\/?s={search_term_string}\"},\"query-input\":{\"@type\":\"PropertyValueSpecification\",\"valueRequired\":true,\"valueName\":\"search_term_string\"}}],\"inLanguage\":\"de\"}]}<\/script>\n<!-- \/ Yoast SEO plugin. -->","yoast_head_json":{"title":"vermietung-von-schindelnVermietung von Maisonetten Ardeche - Camping 4* Domaine des Ch\u00eanes","description":"Mieten Sie charmante H\u00e4uschen in der Ard\u00e8che-Region, eingebettet im Herzen des Weinguts Domaine des Ch\u00eanes. Ruhige, l\u00e4ndliche Umgebung mit einfachem Zugang zu Aktivit\u00e4ten im Freien.","robots":{"index":"index","follow":"follow","max-snippet":"max-snippet:-1","max-image-preview":"max-image-preview:large","max-video-preview":"max-video-preview:-1"},"canonical":"https:\/\/domaine-des-chenes.fr\/de\/vermietung-von-schindeln\/","og_locale":"de_DE","og_type":"article","og_title":"vermietung-von-schindelnVermietung von Maisonetten Ardeche - Camping 4* Domaine des Ch\u00eanes","og_description":"Mieten Sie charmante H\u00e4uschen in der Ard\u00e8che-Region, eingebettet im Herzen des Weinguts Domaine des Ch\u00eanes. Ruhige, l\u00e4ndliche Umgebung mit einfachem Zugang zu Aktivit\u00e4ten im Freien.","og_url":"https:\/\/domaine-des-chenes.fr\/de\/vermietung-von-schindeln\/","og_site_name":"Domaine des Ch\u00eanes","article_modified_time":"2024-12-10T10:13:06+00:00","twitter_card":"summary_large_image","schema":{"@context":"https:\/\/schema.org","@graph":[{"@type":"WebPage","@id":"https:\/\/domaine-des-chenes.fr\/de\/vermietung-von-schindeln\/","url":"https:\/\/domaine-des-chenes.fr\/de\/vermietung-von-schindeln\/","name":"vermietung-von-schindelnVermietung von Maisonetten Ardeche - Camping 4* Domaine des Ch\u00eanes","isPartOf":{"@id":"https:\/\/domaine-des-chenes.fr\/de\/#website"},"datePublished":"2022-04-12T07:39:06+00:00","dateModified":"2024-12-10T10:13:06+00:00","description":"Mieten Sie charmante H\u00e4uschen in der Ard\u00e8che-Region, eingebettet im Herzen des Weinguts Domaine des Ch\u00eanes. Ruhige, l\u00e4ndliche Umgebung mit einfachem Zugang zu Aktivit\u00e4ten im Freien.","breadcrumb":{"@id":"https:\/\/domaine-des-chenes.fr\/de\/vermietung-von-schindeln\/#breadcrumb"},"inLanguage":"de","potentialAction":[{"@type":"ReadAction","target":["https:\/\/domaine-des-chenes.fr\/de\/vermietung-von-schindeln\/"]}]},{"@type":"BreadcrumbList","@id":"https:\/\/domaine-des-chenes.fr\/de\/vermietung-von-schindeln\/#breadcrumb","itemListElement":[{"@type":"ListItem","position":1,"name":"Campingplatz Ard\u00e8che","item":"https:\/\/domaine-des-chenes.fr\/de\/"},{"@type":"ListItem","position":2,"name":"Vermietung von Maisonnettes Ardeche"}]},{"@type":"WebSite","@id":"https:\/\/domaine-des-chenes.fr\/de\/#website","url":"https:\/\/domaine-des-chenes.fr\/de\/","name":"Domaine des Ch\u00eanes","description":"","potentialAction":[{"@type":"SearchAction","target":{"@type":"EntryPoint","urlTemplate":"https:\/\/domaine-des-chenes.fr\/de\/?s={search_term_string}"},"query-input":{"@type":"PropertyValueSpecification","valueRequired":true,"valueName":"search_term_string"}}],"inLanguage":"de"}]}},"_links":{"self":[{"href":"https:\/\/domaine-des-chenes.fr\/de\/wp-json\/wp\/v2\/pages\/8326"}],"collection":[{"href":"https:\/\/domaine-des-chenes.fr\/de\/wp-json\/wp\/v2\/pages"}],"about":[{"href":"https:\/\/domaine-des-chenes.fr\/de\/wp-json\/wp\/v2\/types\/page"}],"author":[{"embeddable":true,"href":"https:\/\/domaine-des-chenes.fr\/de\/wp-json\/wp\/v2\/users\/1"}],"replies":[{"embeddable":true,"href":"https:\/\/domaine-des-chenes.fr\/de\/wp-json\/wp\/v2\/comments?post=8326"}],"version-history":[{"count":6,"href":"https:\/\/domaine-des-chenes.fr\/de\/wp-json\/wp\/v2\/pages\/8326\/revisions"}],"predecessor-version":[{"id":10138,"href":"https:\/\/domaine-des-chenes.fr\/de\/wp-json\/wp\/v2\/pages\/8326\/revisions\/10138"}],"wp:attachment":[{"href":"https:\/\/domaine-des-chenes.fr\/de\/wp-json\/wp\/v2\/media?parent=8326"}],"curies":[{"name":"wp","href":"https:\/\/api.w.org\/{rel}","templated":true}]}}