{"id":7990,"date":"2015-11-19T09:35:12","date_gmt":"2015-11-19T08:35:12","guid":{"rendered":"https:\/\/domaine-des-chenes.fr\/services-camping\/"},"modified":"2026-01-26T13:04:42","modified_gmt":"2026-01-26T12:04:42","slug":"campingdienste","status":"publish","type":"page","link":"https:\/\/domaine-des-chenes.fr\/de\/campingdienste\/","title":{"rendered":"Services"},"content":{"rendered":"","protected":false},"excerpt":{"rendered":"","protected":false},"author":1,"featured_media":5952,"parent":0,"menu_order":0,"comment_status":"closed","ping_status":"closed","template":"","meta":{"footnotes":""},"class_list":["post-7990","page","type-page","status-publish","has-post-thumbnail","hentry"],"yoast_head":"<!-- This site is optimized with the Yoast SEO plugin v25.3 - https:\/\/yoast.com\/wordpress\/plugins\/seo\/ -->\n<title>Dienstleistungen und Ausr\u00fcstung in der Ard\u00e8che | Ausr\u00fcstungsverleih<\/title>\n<meta name=\"description\" content=\"M\u00f6chten Sie alle Dienstleistungen des 4-Sterne-Campingplatzes in Ard\u00e8che genie\u00dfen? Hier finden Sie alle Informationen\" \/>\n<meta name=\"robots\" content=\"index, follow, max-snippet:-1, max-image-preview:large, max-video-preview:-1\" \/>\n<link rel=\"canonical\" href=\"https:\/\/domaine-des-chenes.fr\/de\/campingdienste\/\" \/>\n<meta property=\"og:locale\" content=\"de_DE\" \/>\n<meta property=\"og:type\" content=\"article\" \/>\n<meta property=\"og:title\" content=\"Dienstleistungen und Ausr\u00fcstung in der Ard\u00e8che | Ausr\u00fcstungsverleih\" \/>\n<meta property=\"og:description\" content=\"M\u00f6chten Sie alle Dienstleistungen des 4-Sterne-Campingplatzes in Ard\u00e8che genie\u00dfen? Hier finden Sie alle Informationen\" \/>\n<meta property=\"og:url\" content=\"https:\/\/domaine-des-chenes.fr\/de\/campingdienste\/\" \/>\n<meta property=\"og:site_name\" content=\"Domaine des Ch\u00eanes\" \/>\n<meta property=\"article:modified_time\" content=\"2026-01-26T12:04:42+00:00\" \/>\n<meta property=\"og:image\" content=\"https:\/\/domaine-des-chenes.fr\/wp-content\/uploads\/2019\/09\/services-kayak.jpg\" \/>\n\t<meta property=\"og:image:width\" content=\"1600\" \/>\n\t<meta property=\"og:image:height\" content=\"400\" \/>\n\t<meta property=\"og:image:type\" content=\"image\/jpeg\" \/>\n<meta name=\"twitter:card\" content=\"summary_large_image\" \/>\n<meta name=\"twitter:label1\" content=\"Gesch\u00e4tzte Lesezeit\" \/>\n\t<meta name=\"twitter:data1\" content=\"1\u00a0Minute\" \/>\n<script type=\"application\/ld+json\" class=\"yoast-schema-graph\">{\"@context\":\"https:\/\/schema.org\",\"@graph\":[{\"@type\":\"WebPage\",\"@id\":\"https:\/\/domaine-des-chenes.fr\/de\/campingdienste\/\",\"url\":\"https:\/\/domaine-des-chenes.fr\/de\/campingdienste\/\",\"name\":\"Dienstleistungen und Ausr\u00fcstung in der Ard\u00e8che | Ausr\u00fcstungsverleih\",\"isPartOf\":{\"@id\":\"https:\/\/domaine-des-chenes.fr\/de\/#website\"},\"primaryImageOfPage\":{\"@id\":\"https:\/\/domaine-des-chenes.fr\/de\/campingdienste\/#primaryimage\"},\"image\":{\"@id\":\"https:\/\/domaine-des-chenes.fr\/de\/campingdienste\/#primaryimage\"},\"thumbnailUrl\":\"https:\/\/domaine-des-chenes.fr\/wp-content\/uploads\/2019\/09\/services-kayak.jpg\",\"datePublished\":\"2015-11-19T08:35:12+00:00\",\"dateModified\":\"2026-01-26T12:04:42+00:00\",\"description\":\"M\u00f6chten Sie alle Dienstleistungen des 4-Sterne-Campingplatzes in Ard\u00e8che genie\u00dfen? Hier finden Sie alle Informationen\",\"breadcrumb\":{\"@id\":\"https:\/\/domaine-des-chenes.fr\/de\/campingdienste\/#breadcrumb\"},\"inLanguage\":\"de\",\"potentialAction\":[{\"@type\":\"ReadAction\",\"target\":[\"https:\/\/domaine-des-chenes.fr\/de\/campingdienste\/\"]}]},{\"@type\":\"ImageObject\",\"inLanguage\":\"de\",\"@id\":\"https:\/\/domaine-des-chenes.fr\/de\/campingdienste\/#primaryimage\",\"url\":\"https:\/\/domaine-des-chenes.fr\/wp-content\/uploads\/2019\/09\/services-kayak.jpg\",\"contentUrl\":\"https:\/\/domaine-des-chenes.fr\/wp-content\/uploads\/2019\/09\/services-kayak.jpg\",\"width\":1600,\"height\":400,\"caption\":\"services kayak\"},{\"@type\":\"BreadcrumbList\",\"@id\":\"https:\/\/domaine-des-chenes.fr\/de\/campingdienste\/#breadcrumb\",\"itemListElement\":[{\"@type\":\"ListItem\",\"position\":1,\"name\":\"Campingplatz Ard\u00e8che\",\"item\":\"https:\/\/domaine-des-chenes.fr\/de\/\"},{\"@type\":\"ListItem\",\"position\":2,\"name\":\"Unsere Dienstleistungen auf dem Campingplatz\"}]},{\"@type\":\"WebSite\",\"@id\":\"https:\/\/domaine-des-chenes.fr\/de\/#website\",\"url\":\"https:\/\/domaine-des-chenes.fr\/de\/\",\"name\":\"Domaine des Ch\u00eanes\",\"description\":\"\",\"potentialAction\":[{\"@type\":\"SearchAction\",\"target\":{\"@type\":\"EntryPoint\",\"urlTemplate\":\"https:\/\/domaine-des-chenes.fr\/de\/?s={search_term_string}\"},\"query-input\":{\"@type\":\"PropertyValueSpecification\",\"valueRequired\":true,\"valueName\":\"search_term_string\"}}],\"inLanguage\":\"de\"}]}<\/script>\n<!-- \/ Yoast SEO plugin. -->","yoast_head_json":{"title":"Dienstleistungen und Ausr\u00fcstung in der Ard\u00e8che | Ausr\u00fcstungsverleih","description":"M\u00f6chten Sie alle Dienstleistungen des 4-Sterne-Campingplatzes in Ard\u00e8che genie\u00dfen? Hier finden Sie alle Informationen","robots":{"index":"index","follow":"follow","max-snippet":"max-snippet:-1","max-image-preview":"max-image-preview:large","max-video-preview":"max-video-preview:-1"},"canonical":"https:\/\/domaine-des-chenes.fr\/de\/campingdienste\/","og_locale":"de_DE","og_type":"article","og_title":"Dienstleistungen und Ausr\u00fcstung in der Ard\u00e8che | Ausr\u00fcstungsverleih","og_description":"M\u00f6chten Sie alle Dienstleistungen des 4-Sterne-Campingplatzes in Ard\u00e8che genie\u00dfen? Hier finden Sie alle Informationen","og_url":"https:\/\/domaine-des-chenes.fr\/de\/campingdienste\/","og_site_name":"Domaine des Ch\u00eanes","article_modified_time":"2026-01-26T12:04:42+00:00","og_image":[{"width":1600,"height":400,"url":"https:\/\/domaine-des-chenes.fr\/wp-content\/uploads\/2019\/09\/services-kayak.jpg","type":"image\/jpeg"}],"twitter_card":"summary_large_image","twitter_misc":{"Gesch\u00e4tzte Lesezeit":"1\u00a0Minute"},"schema":{"@context":"https:\/\/schema.org","@graph":[{"@type":"WebPage","@id":"https:\/\/domaine-des-chenes.fr\/de\/campingdienste\/","url":"https:\/\/domaine-des-chenes.fr\/de\/campingdienste\/","name":"Dienstleistungen und Ausr\u00fcstung in der Ard\u00e8che | Ausr\u00fcstungsverleih","isPartOf":{"@id":"https:\/\/domaine-des-chenes.fr\/de\/#website"},"primaryImageOfPage":{"@id":"https:\/\/domaine-des-chenes.fr\/de\/campingdienste\/#primaryimage"},"image":{"@id":"https:\/\/domaine-des-chenes.fr\/de\/campingdienste\/#primaryimage"},"thumbnailUrl":"https:\/\/domaine-des-chenes.fr\/wp-content\/uploads\/2019\/09\/services-kayak.jpg","datePublished":"2015-11-19T08:35:12+00:00","dateModified":"2026-01-26T12:04:42+00:00","description":"M\u00f6chten Sie alle Dienstleistungen des 4-Sterne-Campingplatzes in Ard\u00e8che genie\u00dfen? Hier finden Sie alle Informationen","breadcrumb":{"@id":"https:\/\/domaine-des-chenes.fr\/de\/campingdienste\/#breadcrumb"},"inLanguage":"de","potentialAction":[{"@type":"ReadAction","target":["https:\/\/domaine-des-chenes.fr\/de\/campingdienste\/"]}]},{"@type":"ImageObject","inLanguage":"de","@id":"https:\/\/domaine-des-chenes.fr\/de\/campingdienste\/#primaryimage","url":"https:\/\/domaine-des-chenes.fr\/wp-content\/uploads\/2019\/09\/services-kayak.jpg","contentUrl":"https:\/\/domaine-des-chenes.fr\/wp-content\/uploads\/2019\/09\/services-kayak.jpg","width":1600,"height":400,"caption":"services kayak"},{"@type":"BreadcrumbList","@id":"https:\/\/domaine-des-chenes.fr\/de\/campingdienste\/#breadcrumb","itemListElement":[{"@type":"ListItem","position":1,"name":"Campingplatz Ard\u00e8che","item":"https:\/\/domaine-des-chenes.fr\/de\/"},{"@type":"ListItem","position":2,"name":"Unsere Dienstleistungen auf dem Campingplatz"}]},{"@type":"WebSite","@id":"https:\/\/domaine-des-chenes.fr\/de\/#website","url":"https:\/\/domaine-des-chenes.fr\/de\/","name":"Domaine des Ch\u00eanes","description":"","potentialAction":[{"@type":"SearchAction","target":{"@type":"EntryPoint","urlTemplate":"https:\/\/domaine-des-chenes.fr\/de\/?s={search_term_string}"},"query-input":{"@type":"PropertyValueSpecification","valueRequired":true,"valueName":"search_term_string"}}],"inLanguage":"de"}]}},"_links":{"self":[{"href":"https:\/\/domaine-des-chenes.fr\/de\/wp-json\/wp\/v2\/pages\/7990"}],"collection":[{"href":"https:\/\/domaine-des-chenes.fr\/de\/wp-json\/wp\/v2\/pages"}],"about":[{"href":"https:\/\/domaine-des-chenes.fr\/de\/wp-json\/wp\/v2\/types\/page"}],"author":[{"embeddable":true,"href":"https:\/\/domaine-des-chenes.fr\/de\/wp-json\/wp\/v2\/users\/1"}],"replies":[{"embeddable":true,"href":"https:\/\/domaine-des-chenes.fr\/de\/wp-json\/wp\/v2\/comments?post=7990"}],"version-history":[{"count":13,"href":"https:\/\/domaine-des-chenes.fr\/de\/wp-json\/wp\/v2\/pages\/7990\/revisions"}],"predecessor-version":[{"id":10819,"href":"https:\/\/domaine-des-chenes.fr\/de\/wp-json\/wp\/v2\/pages\/7990\/revisions\/10819"}],"wp:featuredmedia":[{"embeddable":true,"href":"https:\/\/domaine-des-chenes.fr\/de\/wp-json\/wp\/v2\/media\/5952"}],"wp:attachment":[{"href":"https:\/\/domaine-des-chenes.fr\/de\/wp-json\/wp\/v2\/media?parent=7990"}],"curies":[{"name":"wp","href":"https:\/\/api.w.org\/{rel}","templated":true}]}}