{"id":7985,"date":"2015-11-19T11:21:00","date_gmt":"2015-11-19T10:21:00","guid":{"rendered":"https:\/\/domaine-des-chenes.fr\/tourisme-les-vans\/"},"modified":"2024-07-25T08:54:22","modified_gmt":"2024-07-25T06:54:22","slug":"tourismus-les-vans","status":"publish","type":"page","link":"https:\/\/domaine-des-chenes.fr\/de\/tourismus-les-vans\/","title":{"rendered":"Les Vans"},"content":{"rendered":"","protected":false},"excerpt":{"rendered":"","protected":false},"author":1,"featured_media":5121,"parent":0,"menu_order":0,"comment_status":"closed","ping_status":"closed","template":"","meta":{"footnotes":""},"class_list":["post-7985","page","type-page","status-publish","has-post-thumbnail","hentry"],"yoast_head":"<!-- This site is optimized with the Yoast SEO plugin v25.3 - https:\/\/yoast.com\/wordpress\/plugins\/seo\/ -->\n<title>Tourismus in Les Vans | Vans-Aktivit\u00e4ten in der Ard\u00e8che<\/title>\n<meta name=\"description\" content=\"Ferien Les Vans : Tourismus, was zu sehen, was zu tun in Les Vans in Ard\u00e8che.\" \/>\n<meta name=\"robots\" content=\"index, follow, max-snippet:-1, max-image-preview:large, max-video-preview:-1\" \/>\n<link rel=\"canonical\" href=\"https:\/\/domaine-des-chenes.fr\/de\/tourismus-les-vans\/\" \/>\n<meta property=\"og:locale\" content=\"de_DE\" \/>\n<meta property=\"og:type\" content=\"article\" \/>\n<meta property=\"og:title\" content=\"Tourismus in Les Vans | Vans-Aktivit\u00e4ten in der Ard\u00e8che\" \/>\n<meta property=\"og:description\" content=\"Ferien Les Vans : Tourismus, was zu sehen, was zu tun in Les Vans in Ard\u00e8che.\" \/>\n<meta property=\"og:url\" content=\"https:\/\/domaine-des-chenes.fr\/de\/tourismus-les-vans\/\" \/>\n<meta property=\"og:site_name\" content=\"Domaine des Ch\u00eanes\" \/>\n<meta property=\"article:modified_time\" content=\"2024-07-25T06:54:22+00:00\" \/>\n<meta property=\"og:image\" content=\"https:\/\/domaine-des-chenes.fr\/wp-content\/uploads\/2019\/03\/camping-les-vans.jpg\" \/>\n\t<meta property=\"og:image:width\" content=\"1600\" \/>\n\t<meta property=\"og:image:height\" content=\"350\" \/>\n\t<meta property=\"og:image:type\" content=\"image\/jpeg\" \/>\n<meta name=\"twitter:card\" content=\"summary_large_image\" \/>\n<meta name=\"twitter:label1\" content=\"Gesch\u00e4tzte Lesezeit\" \/>\n\t<meta name=\"twitter:data1\" content=\"1\u00a0Minute\" \/>\n<script type=\"application\/ld+json\" class=\"yoast-schema-graph\">{\"@context\":\"https:\/\/schema.org\",\"@graph\":[{\"@type\":\"WebPage\",\"@id\":\"https:\/\/domaine-des-chenes.fr\/de\/tourismus-les-vans\/\",\"url\":\"https:\/\/domaine-des-chenes.fr\/de\/tourismus-les-vans\/\",\"name\":\"Tourismus in Les Vans | Vans-Aktivit\u00e4ten in der Ard\u00e8che\",\"isPartOf\":{\"@id\":\"https:\/\/domaine-des-chenes.fr\/de\/#website\"},\"primaryImageOfPage\":{\"@id\":\"https:\/\/domaine-des-chenes.fr\/de\/tourismus-les-vans\/#primaryimage\"},\"image\":{\"@id\":\"https:\/\/domaine-des-chenes.fr\/de\/tourismus-les-vans\/#primaryimage\"},\"thumbnailUrl\":\"https:\/\/domaine-des-chenes.fr\/wp-content\/uploads\/2019\/03\/camping-les-vans.jpg\",\"datePublished\":\"2015-11-19T10:21:00+00:00\",\"dateModified\":\"2024-07-25T06:54:22+00:00\",\"description\":\"Ferien Les Vans : Tourismus, was zu sehen, was zu tun in Les Vans in Ard\u00e8che.\",\"breadcrumb\":{\"@id\":\"https:\/\/domaine-des-chenes.fr\/de\/tourismus-les-vans\/#breadcrumb\"},\"inLanguage\":\"de\",\"potentialAction\":[{\"@type\":\"ReadAction\",\"target\":[\"https:\/\/domaine-des-chenes.fr\/de\/tourismus-les-vans\/\"]}]},{\"@type\":\"ImageObject\",\"inLanguage\":\"de\",\"@id\":\"https:\/\/domaine-des-chenes.fr\/de\/tourismus-les-vans\/#primaryimage\",\"url\":\"https:\/\/domaine-des-chenes.fr\/wp-content\/uploads\/2019\/03\/camping-les-vans.jpg\",\"contentUrl\":\"https:\/\/domaine-des-chenes.fr\/wp-content\/uploads\/2019\/03\/camping-les-vans.jpg\",\"width\":1600,\"height\":350,\"caption\":\"camping les vans\"},{\"@type\":\"BreadcrumbList\",\"@id\":\"https:\/\/domaine-des-chenes.fr\/de\/tourismus-les-vans\/#breadcrumb\",\"itemListElement\":[{\"@type\":\"ListItem\",\"position\":1,\"name\":\"Campingplatz Ard\u00e8che\",\"item\":\"https:\/\/domaine-des-chenes.fr\/de\/\"},{\"@type\":\"ListItem\",\"position\":2,\"name\":\"Vans Tourismus\"}]},{\"@type\":\"WebSite\",\"@id\":\"https:\/\/domaine-des-chenes.fr\/de\/#website\",\"url\":\"https:\/\/domaine-des-chenes.fr\/de\/\",\"name\":\"Domaine des Ch\u00eanes\",\"description\":\"\",\"potentialAction\":[{\"@type\":\"SearchAction\",\"target\":{\"@type\":\"EntryPoint\",\"urlTemplate\":\"https:\/\/domaine-des-chenes.fr\/de\/?s={search_term_string}\"},\"query-input\":{\"@type\":\"PropertyValueSpecification\",\"valueRequired\":true,\"valueName\":\"search_term_string\"}}],\"inLanguage\":\"de\"}]}<\/script>\n<!-- \/ Yoast SEO plugin. -->","yoast_head_json":{"title":"Tourismus in Les Vans | Vans-Aktivit\u00e4ten in der Ard\u00e8che","description":"Ferien Les Vans : Tourismus, was zu sehen, was zu tun in Les Vans in Ard\u00e8che.","robots":{"index":"index","follow":"follow","max-snippet":"max-snippet:-1","max-image-preview":"max-image-preview:large","max-video-preview":"max-video-preview:-1"},"canonical":"https:\/\/domaine-des-chenes.fr\/de\/tourismus-les-vans\/","og_locale":"de_DE","og_type":"article","og_title":"Tourismus in Les Vans | Vans-Aktivit\u00e4ten in der Ard\u00e8che","og_description":"Ferien Les Vans : Tourismus, was zu sehen, was zu tun in Les Vans in Ard\u00e8che.","og_url":"https:\/\/domaine-des-chenes.fr\/de\/tourismus-les-vans\/","og_site_name":"Domaine des Ch\u00eanes","article_modified_time":"2024-07-25T06:54:22+00:00","og_image":[{"width":1600,"height":350,"url":"https:\/\/domaine-des-chenes.fr\/wp-content\/uploads\/2019\/03\/camping-les-vans.jpg","type":"image\/jpeg"}],"twitter_card":"summary_large_image","twitter_misc":{"Gesch\u00e4tzte Lesezeit":"1\u00a0Minute"},"schema":{"@context":"https:\/\/schema.org","@graph":[{"@type":"WebPage","@id":"https:\/\/domaine-des-chenes.fr\/de\/tourismus-les-vans\/","url":"https:\/\/domaine-des-chenes.fr\/de\/tourismus-les-vans\/","name":"Tourismus in Les Vans | Vans-Aktivit\u00e4ten in der Ard\u00e8che","isPartOf":{"@id":"https:\/\/domaine-des-chenes.fr\/de\/#website"},"primaryImageOfPage":{"@id":"https:\/\/domaine-des-chenes.fr\/de\/tourismus-les-vans\/#primaryimage"},"image":{"@id":"https:\/\/domaine-des-chenes.fr\/de\/tourismus-les-vans\/#primaryimage"},"thumbnailUrl":"https:\/\/domaine-des-chenes.fr\/wp-content\/uploads\/2019\/03\/camping-les-vans.jpg","datePublished":"2015-11-19T10:21:00+00:00","dateModified":"2024-07-25T06:54:22+00:00","description":"Ferien Les Vans : Tourismus, was zu sehen, was zu tun in Les Vans in Ard\u00e8che.","breadcrumb":{"@id":"https:\/\/domaine-des-chenes.fr\/de\/tourismus-les-vans\/#breadcrumb"},"inLanguage":"de","potentialAction":[{"@type":"ReadAction","target":["https:\/\/domaine-des-chenes.fr\/de\/tourismus-les-vans\/"]}]},{"@type":"ImageObject","inLanguage":"de","@id":"https:\/\/domaine-des-chenes.fr\/de\/tourismus-les-vans\/#primaryimage","url":"https:\/\/domaine-des-chenes.fr\/wp-content\/uploads\/2019\/03\/camping-les-vans.jpg","contentUrl":"https:\/\/domaine-des-chenes.fr\/wp-content\/uploads\/2019\/03\/camping-les-vans.jpg","width":1600,"height":350,"caption":"camping les vans"},{"@type":"BreadcrumbList","@id":"https:\/\/domaine-des-chenes.fr\/de\/tourismus-les-vans\/#breadcrumb","itemListElement":[{"@type":"ListItem","position":1,"name":"Campingplatz Ard\u00e8che","item":"https:\/\/domaine-des-chenes.fr\/de\/"},{"@type":"ListItem","position":2,"name":"Vans Tourismus"}]},{"@type":"WebSite","@id":"https:\/\/domaine-des-chenes.fr\/de\/#website","url":"https:\/\/domaine-des-chenes.fr\/de\/","name":"Domaine des Ch\u00eanes","description":"","potentialAction":[{"@type":"SearchAction","target":{"@type":"EntryPoint","urlTemplate":"https:\/\/domaine-des-chenes.fr\/de\/?s={search_term_string}"},"query-input":{"@type":"PropertyValueSpecification","valueRequired":true,"valueName":"search_term_string"}}],"inLanguage":"de"}]}},"_links":{"self":[{"href":"https:\/\/domaine-des-chenes.fr\/de\/wp-json\/wp\/v2\/pages\/7985"}],"collection":[{"href":"https:\/\/domaine-des-chenes.fr\/de\/wp-json\/wp\/v2\/pages"}],"about":[{"href":"https:\/\/domaine-des-chenes.fr\/de\/wp-json\/wp\/v2\/types\/page"}],"author":[{"embeddable":true,"href":"https:\/\/domaine-des-chenes.fr\/de\/wp-json\/wp\/v2\/users\/1"}],"replies":[{"embeddable":true,"href":"https:\/\/domaine-des-chenes.fr\/de\/wp-json\/wp\/v2\/comments?post=7985"}],"version-history":[{"count":2,"href":"https:\/\/domaine-des-chenes.fr\/de\/wp-json\/wp\/v2\/pages\/7985\/revisions"}],"predecessor-version":[{"id":7989,"href":"https:\/\/domaine-des-chenes.fr\/de\/wp-json\/wp\/v2\/pages\/7985\/revisions\/7989"}],"wp:featuredmedia":[{"embeddable":true,"href":"https:\/\/domaine-des-chenes.fr\/de\/wp-json\/wp\/v2\/media\/5121"}],"wp:attachment":[{"href":"https:\/\/domaine-des-chenes.fr\/de\/wp-json\/wp\/v2\/media?parent=7985"}],"curies":[{"name":"wp","href":"https:\/\/api.w.org\/{rel}","templated":true}]}}