{"id":7976,"date":"2015-11-19T11:23:26","date_gmt":"2015-11-19T10:23:26","guid":{"rendered":"https:\/\/domaine-des-chenes.fr\/campingplatz-vallon-pont-d-arc\/camping-caverne-du-pont-d-arc\/"},"modified":"2021-01-20T16:48:16","modified_gmt":"2021-01-20T15:48:16","slug":"hohlencampingplatz-du-pont-d-arc","status":"publish","type":"page","link":"https:\/\/domaine-des-chenes.fr\/de\/campingplatz-vallon-pont-d-arc\/hohlencampingplatz-du-pont-d-arc\/","title":{"rendered":"La caverne du pont d&#8217;Arc"},"content":{"rendered":"","protected":false},"excerpt":{"rendered":"","protected":false},"author":1,"featured_media":4804,"parent":7970,"menu_order":0,"comment_status":"closed","ping_status":"closed","template":"","meta":{"footnotes":""},"class_list":["post-7976","page","type-page","status-publish","has-post-thumbnail","hentry"],"yoast_head":"<!-- This site is optimized with the Yoast SEO plugin v25.3 - https:\/\/yoast.com\/wordpress\/plugins\/seo\/ -->\n<title>Besuchen Sie die H\u00f6hle von Pont d&#039;Arc oder die Chauvet-H\u00f6hle 2<\/title>\n<meta name=\"description\" content=\"Ein Campingplatz in der N\u00e4he der H\u00f6hle von Pont d&#039;Arc, H\u00f6hle von Chauvet 2, im Departement Ard\u00e8che, um diese magische touristische St\u00e4tte zu entdecken!\" \/>\n<meta name=\"robots\" content=\"index, follow, max-snippet:-1, max-image-preview:large, max-video-preview:-1\" \/>\n<link rel=\"canonical\" href=\"https:\/\/domaine-des-chenes.fr\/de\/campingplatz-vallon-pont-d-arc\/hohlencampingplatz-du-pont-d-arc\/\" \/>\n<meta property=\"og:locale\" content=\"de_DE\" \/>\n<meta property=\"og:type\" content=\"article\" \/>\n<meta property=\"og:title\" content=\"Besuchen Sie die H\u00f6hle von Pont d&#039;Arc oder die Chauvet-H\u00f6hle 2\" \/>\n<meta property=\"og:description\" content=\"Ein Campingplatz in der N\u00e4he der H\u00f6hle von Pont d&#039;Arc, H\u00f6hle von Chauvet 2, im Departement Ard\u00e8che, um diese magische touristische St\u00e4tte zu entdecken!\" \/>\n<meta property=\"og:url\" content=\"https:\/\/domaine-des-chenes.fr\/de\/campingplatz-vallon-pont-d-arc\/hohlencampingplatz-du-pont-d-arc\/\" \/>\n<meta property=\"og:site_name\" content=\"Domaine des Ch\u00eanes\" \/>\n<meta property=\"article:modified_time\" content=\"2021-01-20T15:48:16+00:00\" \/>\n<meta property=\"og:image\" content=\"https:\/\/domaine-des-chenes.fr\/wp-content\/uploads\/2019\/03\/visiter-caverne-camping-domaine-des-chenes.jpg\" \/>\n\t<meta property=\"og:image:width\" content=\"1600\" \/>\n\t<meta property=\"og:image:height\" content=\"350\" \/>\n\t<meta property=\"og:image:type\" content=\"image\/jpeg\" \/>\n<meta name=\"twitter:card\" content=\"summary_large_image\" \/>\n<script type=\"application\/ld+json\" class=\"yoast-schema-graph\">{\"@context\":\"https:\/\/schema.org\",\"@graph\":[{\"@type\":\"WebPage\",\"@id\":\"https:\/\/domaine-des-chenes.fr\/de\/campingplatz-vallon-pont-d-arc\/hohlencampingplatz-du-pont-d-arc\/\",\"url\":\"https:\/\/domaine-des-chenes.fr\/de\/campingplatz-vallon-pont-d-arc\/hohlencampingplatz-du-pont-d-arc\/\",\"name\":\"Besuchen Sie die H\u00f6hle von Pont d'Arc oder die Chauvet-H\u00f6hle 2\",\"isPartOf\":{\"@id\":\"https:\/\/domaine-des-chenes.fr\/de\/#website\"},\"primaryImageOfPage\":{\"@id\":\"https:\/\/domaine-des-chenes.fr\/de\/campingplatz-vallon-pont-d-arc\/hohlencampingplatz-du-pont-d-arc\/#primaryimage\"},\"image\":{\"@id\":\"https:\/\/domaine-des-chenes.fr\/de\/campingplatz-vallon-pont-d-arc\/hohlencampingplatz-du-pont-d-arc\/#primaryimage\"},\"thumbnailUrl\":\"https:\/\/domaine-des-chenes.fr\/wp-content\/uploads\/2019\/03\/visiter-caverne-camping-domaine-des-chenes.jpg\",\"datePublished\":\"2015-11-19T10:23:26+00:00\",\"dateModified\":\"2021-01-20T15:48:16+00:00\",\"description\":\"Ein Campingplatz in der N\u00e4he der H\u00f6hle von Pont d'Arc, H\u00f6hle von Chauvet 2, im Departement Ard\u00e8che, um diese magische touristische St\u00e4tte zu entdecken!\",\"breadcrumb\":{\"@id\":\"https:\/\/domaine-des-chenes.fr\/de\/campingplatz-vallon-pont-d-arc\/hohlencampingplatz-du-pont-d-arc\/#breadcrumb\"},\"inLanguage\":\"de\",\"potentialAction\":[{\"@type\":\"ReadAction\",\"target\":[\"https:\/\/domaine-des-chenes.fr\/de\/campingplatz-vallon-pont-d-arc\/hohlencampingplatz-du-pont-d-arc\/\"]}]},{\"@type\":\"ImageObject\",\"inLanguage\":\"de\",\"@id\":\"https:\/\/domaine-des-chenes.fr\/de\/campingplatz-vallon-pont-d-arc\/hohlencampingplatz-du-pont-d-arc\/#primaryimage\",\"url\":\"https:\/\/domaine-des-chenes.fr\/wp-content\/uploads\/2019\/03\/visiter-caverne-camping-domaine-des-chenes.jpg\",\"contentUrl\":\"https:\/\/domaine-des-chenes.fr\/wp-content\/uploads\/2019\/03\/visiter-caverne-camping-domaine-des-chenes.jpg\",\"width\":1600,\"height\":350,\"caption\":\"visiter caverne camping domaine des chenes\"},{\"@type\":\"BreadcrumbList\",\"@id\":\"https:\/\/domaine-des-chenes.fr\/de\/campingplatz-vallon-pont-d-arc\/hohlencampingplatz-du-pont-d-arc\/#breadcrumb\",\"itemListElement\":[{\"@type\":\"ListItem\",\"position\":1,\"name\":\"Campingplatz Ard\u00e8che\",\"item\":\"https:\/\/domaine-des-chenes.fr\/de\/\"},{\"@type\":\"ListItem\",\"position\":2,\"name\":\"Zeltplatz Vallon Pont d Arc\",\"item\":\"https:\/\/domaine-des-chenes.fr\/de\/campingplatz-vallon-pont-d-arc\/\"},{\"@type\":\"ListItem\",\"position\":3,\"name\":\"Bogenbr\u00fcckenh\u00f6hle\"}]},{\"@type\":\"WebSite\",\"@id\":\"https:\/\/domaine-des-chenes.fr\/de\/#website\",\"url\":\"https:\/\/domaine-des-chenes.fr\/de\/\",\"name\":\"Domaine des Ch\u00eanes\",\"description\":\"\",\"potentialAction\":[{\"@type\":\"SearchAction\",\"target\":{\"@type\":\"EntryPoint\",\"urlTemplate\":\"https:\/\/domaine-des-chenes.fr\/de\/?s={search_term_string}\"},\"query-input\":{\"@type\":\"PropertyValueSpecification\",\"valueRequired\":true,\"valueName\":\"search_term_string\"}}],\"inLanguage\":\"de\"}]}<\/script>\n<!-- \/ Yoast SEO plugin. -->","yoast_head_json":{"title":"Besuchen Sie die H\u00f6hle von Pont d'Arc oder die Chauvet-H\u00f6hle 2","description":"Ein Campingplatz in der N\u00e4he der H\u00f6hle von Pont d'Arc, H\u00f6hle von Chauvet 2, im Departement Ard\u00e8che, um diese magische touristische St\u00e4tte zu entdecken!","robots":{"index":"index","follow":"follow","max-snippet":"max-snippet:-1","max-image-preview":"max-image-preview:large","max-video-preview":"max-video-preview:-1"},"canonical":"https:\/\/domaine-des-chenes.fr\/de\/campingplatz-vallon-pont-d-arc\/hohlencampingplatz-du-pont-d-arc\/","og_locale":"de_DE","og_type":"article","og_title":"Besuchen Sie die H\u00f6hle von Pont d'Arc oder die Chauvet-H\u00f6hle 2","og_description":"Ein Campingplatz in der N\u00e4he der H\u00f6hle von Pont d'Arc, H\u00f6hle von Chauvet 2, im Departement Ard\u00e8che, um diese magische touristische St\u00e4tte zu entdecken!","og_url":"https:\/\/domaine-des-chenes.fr\/de\/campingplatz-vallon-pont-d-arc\/hohlencampingplatz-du-pont-d-arc\/","og_site_name":"Domaine des Ch\u00eanes","article_modified_time":"2021-01-20T15:48:16+00:00","og_image":[{"width":1600,"height":350,"url":"https:\/\/domaine-des-chenes.fr\/wp-content\/uploads\/2019\/03\/visiter-caverne-camping-domaine-des-chenes.jpg","type":"image\/jpeg"}],"twitter_card":"summary_large_image","schema":{"@context":"https:\/\/schema.org","@graph":[{"@type":"WebPage","@id":"https:\/\/domaine-des-chenes.fr\/de\/campingplatz-vallon-pont-d-arc\/hohlencampingplatz-du-pont-d-arc\/","url":"https:\/\/domaine-des-chenes.fr\/de\/campingplatz-vallon-pont-d-arc\/hohlencampingplatz-du-pont-d-arc\/","name":"Besuchen Sie die H\u00f6hle von Pont d'Arc oder die Chauvet-H\u00f6hle 2","isPartOf":{"@id":"https:\/\/domaine-des-chenes.fr\/de\/#website"},"primaryImageOfPage":{"@id":"https:\/\/domaine-des-chenes.fr\/de\/campingplatz-vallon-pont-d-arc\/hohlencampingplatz-du-pont-d-arc\/#primaryimage"},"image":{"@id":"https:\/\/domaine-des-chenes.fr\/de\/campingplatz-vallon-pont-d-arc\/hohlencampingplatz-du-pont-d-arc\/#primaryimage"},"thumbnailUrl":"https:\/\/domaine-des-chenes.fr\/wp-content\/uploads\/2019\/03\/visiter-caverne-camping-domaine-des-chenes.jpg","datePublished":"2015-11-19T10:23:26+00:00","dateModified":"2021-01-20T15:48:16+00:00","description":"Ein Campingplatz in der N\u00e4he der H\u00f6hle von Pont d'Arc, H\u00f6hle von Chauvet 2, im Departement Ard\u00e8che, um diese magische touristische St\u00e4tte zu entdecken!","breadcrumb":{"@id":"https:\/\/domaine-des-chenes.fr\/de\/campingplatz-vallon-pont-d-arc\/hohlencampingplatz-du-pont-d-arc\/#breadcrumb"},"inLanguage":"de","potentialAction":[{"@type":"ReadAction","target":["https:\/\/domaine-des-chenes.fr\/de\/campingplatz-vallon-pont-d-arc\/hohlencampingplatz-du-pont-d-arc\/"]}]},{"@type":"ImageObject","inLanguage":"de","@id":"https:\/\/domaine-des-chenes.fr\/de\/campingplatz-vallon-pont-d-arc\/hohlencampingplatz-du-pont-d-arc\/#primaryimage","url":"https:\/\/domaine-des-chenes.fr\/wp-content\/uploads\/2019\/03\/visiter-caverne-camping-domaine-des-chenes.jpg","contentUrl":"https:\/\/domaine-des-chenes.fr\/wp-content\/uploads\/2019\/03\/visiter-caverne-camping-domaine-des-chenes.jpg","width":1600,"height":350,"caption":"visiter caverne camping domaine des chenes"},{"@type":"BreadcrumbList","@id":"https:\/\/domaine-des-chenes.fr\/de\/campingplatz-vallon-pont-d-arc\/hohlencampingplatz-du-pont-d-arc\/#breadcrumb","itemListElement":[{"@type":"ListItem","position":1,"name":"Campingplatz Ard\u00e8che","item":"https:\/\/domaine-des-chenes.fr\/de\/"},{"@type":"ListItem","position":2,"name":"Zeltplatz Vallon Pont d Arc","item":"https:\/\/domaine-des-chenes.fr\/de\/campingplatz-vallon-pont-d-arc\/"},{"@type":"ListItem","position":3,"name":"Bogenbr\u00fcckenh\u00f6hle"}]},{"@type":"WebSite","@id":"https:\/\/domaine-des-chenes.fr\/de\/#website","url":"https:\/\/domaine-des-chenes.fr\/de\/","name":"Domaine des Ch\u00eanes","description":"","potentialAction":[{"@type":"SearchAction","target":{"@type":"EntryPoint","urlTemplate":"https:\/\/domaine-des-chenes.fr\/de\/?s={search_term_string}"},"query-input":{"@type":"PropertyValueSpecification","valueRequired":true,"valueName":"search_term_string"}}],"inLanguage":"de"}]}},"_links":{"self":[{"href":"https:\/\/domaine-des-chenes.fr\/de\/wp-json\/wp\/v2\/pages\/7976"}],"collection":[{"href":"https:\/\/domaine-des-chenes.fr\/de\/wp-json\/wp\/v2\/pages"}],"about":[{"href":"https:\/\/domaine-des-chenes.fr\/de\/wp-json\/wp\/v2\/types\/page"}],"author":[{"embeddable":true,"href":"https:\/\/domaine-des-chenes.fr\/de\/wp-json\/wp\/v2\/users\/1"}],"replies":[{"embeddable":true,"href":"https:\/\/domaine-des-chenes.fr\/de\/wp-json\/wp\/v2\/comments?post=7976"}],"version-history":[{"count":2,"href":"https:\/\/domaine-des-chenes.fr\/de\/wp-json\/wp\/v2\/pages\/7976\/revisions"}],"predecessor-version":[{"id":7979,"href":"https:\/\/domaine-des-chenes.fr\/de\/wp-json\/wp\/v2\/pages\/7976\/revisions\/7979"}],"up":[{"embeddable":true,"href":"https:\/\/domaine-des-chenes.fr\/de\/wp-json\/wp\/v2\/pages\/7970"}],"wp:featuredmedia":[{"embeddable":true,"href":"https:\/\/domaine-des-chenes.fr\/de\/wp-json\/wp\/v2\/media\/4804"}],"wp:attachment":[{"href":"https:\/\/domaine-des-chenes.fr\/de\/wp-json\/wp\/v2\/media?parent=7976"}],"curies":[{"name":"wp","href":"https:\/\/api.w.org\/{rel}","templated":true}]}}