{"id":7928,"date":"2015-11-18T13:20:14","date_gmt":"2015-11-18T12:20:14","guid":{"rendered":"https:\/\/domaine-des-chenes.fr\/camping-restaurant-ardeche\/"},"modified":"2026-02-26T15:42:43","modified_gmt":"2026-02-26T14:42:43","slug":"campingplatz-restaurant-ardeche","status":"publish","type":"page","link":"https:\/\/domaine-des-chenes.fr\/de\/campingplatz-restaurant-ardeche\/","title":{"rendered":"Verpflegung auf dem Campingplatz in der Ard\u00e8che"},"content":{"rendered":"","protected":false},"excerpt":{"rendered":"","protected":false},"author":1,"featured_media":5919,"parent":0,"menu_order":0,"comment_status":"closed","ping_status":"closed","template":"","meta":{"footnotes":""},"class_list":["post-7928","page","type-page","status-publish","has-post-thumbnail","hentry"],"yoast_head":"<!-- This site is optimized with the Yoast SEO plugin v25.3 - https:\/\/yoast.com\/wordpress\/plugins\/seo\/ -->\n<title>Restaurant Les Vans | Die besten Restaurants in Les Vans in der Ard\u00e8che<\/title>\n<meta name=\"description\" content=\"Campingplatz Ard\u00e8che: Bar und Restaurant des Campingplatzes. Entdecken Sie hier alle Informationen \u00fcber die Restaurants des Campingplatzes, die Bars, die Snackbar und den Lebensmittelladen.\" \/>\n<meta name=\"robots\" content=\"index, follow, max-snippet:-1, max-image-preview:large, max-video-preview:-1\" \/>\n<link rel=\"canonical\" href=\"https:\/\/domaine-des-chenes.fr\/de\/campingplatz-restaurant-ardeche\/\" \/>\n<meta property=\"og:locale\" content=\"de_DE\" \/>\n<meta property=\"og:type\" content=\"article\" \/>\n<meta property=\"og:title\" content=\"Restaurant Les Vans | Die besten Restaurants in Les Vans in der Ard\u00e8che\" \/>\n<meta property=\"og:description\" content=\"Campingplatz Ard\u00e8che: Bar und Restaurant des Campingplatzes. Entdecken Sie hier alle Informationen \u00fcber die Restaurants des Campingplatzes, die Bars, die Snackbar und den Lebensmittelladen.\" \/>\n<meta property=\"og:url\" content=\"https:\/\/domaine-des-chenes.fr\/de\/campingplatz-restaurant-ardeche\/\" \/>\n<meta property=\"og:site_name\" content=\"Domaine des Ch\u00eanes\" \/>\n<meta property=\"article:modified_time\" content=\"2026-02-26T14:42:43+00:00\" \/>\n<meta property=\"og:image\" content=\"https:\/\/domaine-des-chenes.fr\/wp-content\/uploads\/2019\/09\/camping-avec-restaurant-en-ardeche.jpg\" \/>\n\t<meta property=\"og:image:width\" content=\"1600\" \/>\n\t<meta property=\"og:image:height\" content=\"400\" \/>\n\t<meta property=\"og:image:type\" content=\"image\/jpeg\" \/>\n<meta name=\"twitter:card\" content=\"summary_large_image\" \/>\n<meta name=\"twitter:label1\" content=\"Gesch\u00e4tzte Lesezeit\" \/>\n\t<meta name=\"twitter:data1\" content=\"1\u00a0Minute\" \/>\n<script type=\"application\/ld+json\" class=\"yoast-schema-graph\">{\"@context\":\"https:\/\/schema.org\",\"@graph\":[{\"@type\":\"WebPage\",\"@id\":\"https:\/\/domaine-des-chenes.fr\/de\/campingplatz-restaurant-ardeche\/\",\"url\":\"https:\/\/domaine-des-chenes.fr\/de\/campingplatz-restaurant-ardeche\/\",\"name\":\"Restaurant Les Vans | Die besten Restaurants in Les Vans in der Ard\u00e8che\",\"isPartOf\":{\"@id\":\"https:\/\/domaine-des-chenes.fr\/de\/#website\"},\"primaryImageOfPage\":{\"@id\":\"https:\/\/domaine-des-chenes.fr\/de\/campingplatz-restaurant-ardeche\/#primaryimage\"},\"image\":{\"@id\":\"https:\/\/domaine-des-chenes.fr\/de\/campingplatz-restaurant-ardeche\/#primaryimage\"},\"thumbnailUrl\":\"https:\/\/domaine-des-chenes.fr\/wp-content\/uploads\/2019\/09\/camping-avec-restaurant-en-ardeche.jpg\",\"datePublished\":\"2015-11-18T12:20:14+00:00\",\"dateModified\":\"2026-02-26T14:42:43+00:00\",\"description\":\"Campingplatz Ard\u00e8che: Bar und Restaurant des Campingplatzes. Entdecken Sie hier alle Informationen \u00fcber die Restaurants des Campingplatzes, die Bars, die Snackbar und den Lebensmittelladen.\",\"breadcrumb\":{\"@id\":\"https:\/\/domaine-des-chenes.fr\/de\/campingplatz-restaurant-ardeche\/#breadcrumb\"},\"inLanguage\":\"de\",\"potentialAction\":[{\"@type\":\"ReadAction\",\"target\":[\"https:\/\/domaine-des-chenes.fr\/de\/campingplatz-restaurant-ardeche\/\"]}]},{\"@type\":\"ImageObject\",\"inLanguage\":\"de\",\"@id\":\"https:\/\/domaine-des-chenes.fr\/de\/campingplatz-restaurant-ardeche\/#primaryimage\",\"url\":\"https:\/\/domaine-des-chenes.fr\/wp-content\/uploads\/2019\/09\/camping-avec-restaurant-en-ardeche.jpg\",\"contentUrl\":\"https:\/\/domaine-des-chenes.fr\/wp-content\/uploads\/2019\/09\/camping-avec-restaurant-en-ardeche.jpg\",\"width\":1600,\"height\":400,\"caption\":\"camping avec restaurant en Ard\u00e8che\"},{\"@type\":\"BreadcrumbList\",\"@id\":\"https:\/\/domaine-des-chenes.fr\/de\/campingplatz-restaurant-ardeche\/#breadcrumb\",\"itemListElement\":[{\"@type\":\"ListItem\",\"position\":1,\"name\":\"Campingplatz Ard\u00e8che\",\"item\":\"https:\/\/domaine-des-chenes.fr\/de\/\"},{\"@type\":\"ListItem\",\"position\":2,\"name\":\"Les Vans Restaurant\"}]},{\"@type\":\"WebSite\",\"@id\":\"https:\/\/domaine-des-chenes.fr\/de\/#website\",\"url\":\"https:\/\/domaine-des-chenes.fr\/de\/\",\"name\":\"Domaine des Ch\u00eanes\",\"description\":\"\",\"potentialAction\":[{\"@type\":\"SearchAction\",\"target\":{\"@type\":\"EntryPoint\",\"urlTemplate\":\"https:\/\/domaine-des-chenes.fr\/de\/?s={search_term_string}\"},\"query-input\":{\"@type\":\"PropertyValueSpecification\",\"valueRequired\":true,\"valueName\":\"search_term_string\"}}],\"inLanguage\":\"de\"}]}<\/script>\n<!-- \/ Yoast SEO plugin. -->","yoast_head_json":{"title":"Restaurant Les Vans | Die besten Restaurants in Les Vans in der Ard\u00e8che","description":"Campingplatz Ard\u00e8che: Bar und Restaurant des Campingplatzes. Entdecken Sie hier alle Informationen \u00fcber die Restaurants des Campingplatzes, die Bars, die Snackbar und den Lebensmittelladen.","robots":{"index":"index","follow":"follow","max-snippet":"max-snippet:-1","max-image-preview":"max-image-preview:large","max-video-preview":"max-video-preview:-1"},"canonical":"https:\/\/domaine-des-chenes.fr\/de\/campingplatz-restaurant-ardeche\/","og_locale":"de_DE","og_type":"article","og_title":"Restaurant Les Vans | Die besten Restaurants in Les Vans in der Ard\u00e8che","og_description":"Campingplatz Ard\u00e8che: Bar und Restaurant des Campingplatzes. Entdecken Sie hier alle Informationen \u00fcber die Restaurants des Campingplatzes, die Bars, die Snackbar und den Lebensmittelladen.","og_url":"https:\/\/domaine-des-chenes.fr\/de\/campingplatz-restaurant-ardeche\/","og_site_name":"Domaine des Ch\u00eanes","article_modified_time":"2026-02-26T14:42:43+00:00","og_image":[{"width":1600,"height":400,"url":"https:\/\/domaine-des-chenes.fr\/wp-content\/uploads\/2019\/09\/camping-avec-restaurant-en-ardeche.jpg","type":"image\/jpeg"}],"twitter_card":"summary_large_image","twitter_misc":{"Gesch\u00e4tzte Lesezeit":"1\u00a0Minute"},"schema":{"@context":"https:\/\/schema.org","@graph":[{"@type":"WebPage","@id":"https:\/\/domaine-des-chenes.fr\/de\/campingplatz-restaurant-ardeche\/","url":"https:\/\/domaine-des-chenes.fr\/de\/campingplatz-restaurant-ardeche\/","name":"Restaurant Les Vans | Die besten Restaurants in Les Vans in der Ard\u00e8che","isPartOf":{"@id":"https:\/\/domaine-des-chenes.fr\/de\/#website"},"primaryImageOfPage":{"@id":"https:\/\/domaine-des-chenes.fr\/de\/campingplatz-restaurant-ardeche\/#primaryimage"},"image":{"@id":"https:\/\/domaine-des-chenes.fr\/de\/campingplatz-restaurant-ardeche\/#primaryimage"},"thumbnailUrl":"https:\/\/domaine-des-chenes.fr\/wp-content\/uploads\/2019\/09\/camping-avec-restaurant-en-ardeche.jpg","datePublished":"2015-11-18T12:20:14+00:00","dateModified":"2026-02-26T14:42:43+00:00","description":"Campingplatz Ard\u00e8che: Bar und Restaurant des Campingplatzes. Entdecken Sie hier alle Informationen \u00fcber die Restaurants des Campingplatzes, die Bars, die Snackbar und den Lebensmittelladen.","breadcrumb":{"@id":"https:\/\/domaine-des-chenes.fr\/de\/campingplatz-restaurant-ardeche\/#breadcrumb"},"inLanguage":"de","potentialAction":[{"@type":"ReadAction","target":["https:\/\/domaine-des-chenes.fr\/de\/campingplatz-restaurant-ardeche\/"]}]},{"@type":"ImageObject","inLanguage":"de","@id":"https:\/\/domaine-des-chenes.fr\/de\/campingplatz-restaurant-ardeche\/#primaryimage","url":"https:\/\/domaine-des-chenes.fr\/wp-content\/uploads\/2019\/09\/camping-avec-restaurant-en-ardeche.jpg","contentUrl":"https:\/\/domaine-des-chenes.fr\/wp-content\/uploads\/2019\/09\/camping-avec-restaurant-en-ardeche.jpg","width":1600,"height":400,"caption":"camping avec restaurant en Ard\u00e8che"},{"@type":"BreadcrumbList","@id":"https:\/\/domaine-des-chenes.fr\/de\/campingplatz-restaurant-ardeche\/#breadcrumb","itemListElement":[{"@type":"ListItem","position":1,"name":"Campingplatz Ard\u00e8che","item":"https:\/\/domaine-des-chenes.fr\/de\/"},{"@type":"ListItem","position":2,"name":"Les Vans Restaurant"}]},{"@type":"WebSite","@id":"https:\/\/domaine-des-chenes.fr\/de\/#website","url":"https:\/\/domaine-des-chenes.fr\/de\/","name":"Domaine des Ch\u00eanes","description":"","potentialAction":[{"@type":"SearchAction","target":{"@type":"EntryPoint","urlTemplate":"https:\/\/domaine-des-chenes.fr\/de\/?s={search_term_string}"},"query-input":{"@type":"PropertyValueSpecification","valueRequired":true,"valueName":"search_term_string"}}],"inLanguage":"de"}]}},"_links":{"self":[{"href":"https:\/\/domaine-des-chenes.fr\/de\/wp-json\/wp\/v2\/pages\/7928"}],"collection":[{"href":"https:\/\/domaine-des-chenes.fr\/de\/wp-json\/wp\/v2\/pages"}],"about":[{"href":"https:\/\/domaine-des-chenes.fr\/de\/wp-json\/wp\/v2\/types\/page"}],"author":[{"embeddable":true,"href":"https:\/\/domaine-des-chenes.fr\/de\/wp-json\/wp\/v2\/users\/1"}],"replies":[{"embeddable":true,"href":"https:\/\/domaine-des-chenes.fr\/de\/wp-json\/wp\/v2\/comments?post=7928"}],"version-history":[{"count":22,"href":"https:\/\/domaine-des-chenes.fr\/de\/wp-json\/wp\/v2\/pages\/7928\/revisions"}],"predecessor-version":[{"id":10903,"href":"https:\/\/domaine-des-chenes.fr\/de\/wp-json\/wp\/v2\/pages\/7928\/revisions\/10903"}],"wp:featuredmedia":[{"embeddable":true,"href":"https:\/\/domaine-des-chenes.fr\/de\/wp-json\/wp\/v2\/media\/5919"}],"wp:attachment":[{"href":"https:\/\/domaine-des-chenes.fr\/de\/wp-json\/wp\/v2\/media?parent=7928"}],"curies":[{"name":"wp","href":"https:\/\/api.w.org\/{rel}","templated":true}]}}