{"id":5455,"date":"2019-07-15T16:41:41","date_gmt":"2019-07-15T14:41:41","guid":{"rendered":"http:\/\/www.domaine-des-chenes.fr\/zeltvermietung-ardeche\/"},"modified":"2025-10-22T11:32:38","modified_gmt":"2025-10-22T09:32:38","slug":"zeltvermietung-ardeche","status":"publish","type":"page","link":"https:\/\/domaine-des-chenes.fr\/de\/zeltvermietung-ardeche\/","title":{"rendered":"Zeltvermietung Ard\u00e8che"},"content":{"rendered":"","protected":false},"excerpt":{"rendered":"","protected":false},"author":1,"featured_media":8211,"parent":0,"menu_order":0,"comment_status":"closed","ping_status":"closed","template":"","meta":{"footnotes":""},"class_list":["post-5455","page","type-page","status-publish","has-post-thumbnail","hentry"],"yoast_head":"<!-- This site is optimized with the Yoast SEO plugin v25.3 - https:\/\/yoast.com\/wordpress\/plugins\/seo\/ -->\n<title>Zeltvermietung in Ard\u00e8che: Ihr Camping-Erlebnis<\/title>\n<meta name=\"description\" content=\"Zeltvermietung in Ard\u00e8che: Erleben Sie einen perfekten Campingurlaub mit organisierten Zelten, Natur pur und vielen Aktivit\u00e4ten. Jetzt buchen!\" \/>\n<meta name=\"robots\" content=\"index, follow, max-snippet:-1, max-image-preview:large, max-video-preview:-1\" \/>\n<link rel=\"canonical\" href=\"https:\/\/domaine-des-chenes.fr\/de\/zeltvermietung-ardeche\/\" \/>\n<meta property=\"og:locale\" content=\"de_DE\" \/>\n<meta property=\"og:type\" content=\"article\" \/>\n<meta property=\"og:title\" content=\"Zeltvermietung in Ard\u00e8che: Ihr Camping-Erlebnis\" \/>\n<meta property=\"og:description\" content=\"Zeltvermietung in Ard\u00e8che: Erleben Sie einen perfekten Campingurlaub mit organisierten Zelten, Natur pur und vielen Aktivit\u00e4ten. Jetzt buchen!\" \/>\n<meta property=\"og:url\" content=\"https:\/\/domaine-des-chenes.fr\/de\/zeltvermietung-ardeche\/\" \/>\n<meta property=\"og:site_name\" content=\"Domaine des Ch\u00eanes\" \/>\n<meta property=\"article:modified_time\" content=\"2025-10-22T09:32:38+00:00\" \/>\n<meta property=\"og:image\" content=\"https:\/\/domaine-des-chenes.fr\/wp-content\/uploads\/2021\/12\/LODGES-WL-34-3-S-06.jpg\" \/>\n\t<meta property=\"og:image:width\" content=\"1878\" \/>\n\t<meta property=\"og:image:height\" content=\"1252\" \/>\n\t<meta property=\"og:image:type\" content=\"image\/jpeg\" \/>\n<meta name=\"twitter:card\" content=\"summary_large_image\" \/>\n<meta name=\"twitter:label1\" content=\"Gesch\u00e4tzte Lesezeit\" \/>\n\t<meta name=\"twitter:data1\" content=\"1\u00a0Minute\" \/>\n<script type=\"application\/ld+json\" class=\"yoast-schema-graph\">{\"@context\":\"https:\/\/schema.org\",\"@graph\":[{\"@type\":\"WebPage\",\"@id\":\"https:\/\/domaine-des-chenes.fr\/de\/zeltvermietung-ardeche\/\",\"url\":\"https:\/\/domaine-des-chenes.fr\/de\/zeltvermietung-ardeche\/\",\"name\":\"Zeltvermietung in Ard\u00e8che: Ihr Camping-Erlebnis\",\"isPartOf\":{\"@id\":\"https:\/\/domaine-des-chenes.fr\/de\/#website\"},\"primaryImageOfPage\":{\"@id\":\"https:\/\/domaine-des-chenes.fr\/de\/zeltvermietung-ardeche\/#primaryimage\"},\"image\":{\"@id\":\"https:\/\/domaine-des-chenes.fr\/de\/zeltvermietung-ardeche\/#primaryimage\"},\"thumbnailUrl\":\"https:\/\/domaine-des-chenes.fr\/wp-content\/uploads\/2021\/12\/LODGES-WL-34-3-S-06.jpg\",\"datePublished\":\"2019-07-15T14:41:41+00:00\",\"dateModified\":\"2025-10-22T09:32:38+00:00\",\"description\":\"Zeltvermietung in Ard\u00e8che: Erleben Sie einen perfekten Campingurlaub mit organisierten Zelten, Natur pur und vielen Aktivit\u00e4ten. Jetzt buchen!\",\"breadcrumb\":{\"@id\":\"https:\/\/domaine-des-chenes.fr\/de\/zeltvermietung-ardeche\/#breadcrumb\"},\"inLanguage\":\"de\",\"potentialAction\":[{\"@type\":\"ReadAction\",\"target\":[\"https:\/\/domaine-des-chenes.fr\/de\/zeltvermietung-ardeche\/\"]}]},{\"@type\":\"ImageObject\",\"inLanguage\":\"de\",\"@id\":\"https:\/\/domaine-des-chenes.fr\/de\/zeltvermietung-ardeche\/#primaryimage\",\"url\":\"https:\/\/domaine-des-chenes.fr\/wp-content\/uploads\/2021\/12\/LODGES-WL-34-3-S-06.jpg\",\"contentUrl\":\"https:\/\/domaine-des-chenes.fr\/wp-content\/uploads\/2021\/12\/LODGES-WL-34-3-S-06.jpg\",\"width\":1878,\"height\":1252,\"caption\":\"Nos h\u00e9bergements tout confort en Ard\u00e8che\"},{\"@type\":\"BreadcrumbList\",\"@id\":\"https:\/\/domaine-des-chenes.fr\/de\/zeltvermietung-ardeche\/#breadcrumb\",\"itemListElement\":[{\"@type\":\"ListItem\",\"position\":1,\"name\":\"Campingplatz Ard\u00e8che\",\"item\":\"https:\/\/domaine-des-chenes.fr\/de\/\"},{\"@type\":\"ListItem\",\"position\":2,\"name\":\"Zeltvermietung Ard\u00e8che\"}]},{\"@type\":\"WebSite\",\"@id\":\"https:\/\/domaine-des-chenes.fr\/de\/#website\",\"url\":\"https:\/\/domaine-des-chenes.fr\/de\/\",\"name\":\"Domaine des Ch\u00eanes\",\"description\":\"\",\"potentialAction\":[{\"@type\":\"SearchAction\",\"target\":{\"@type\":\"EntryPoint\",\"urlTemplate\":\"https:\/\/domaine-des-chenes.fr\/de\/?s={search_term_string}\"},\"query-input\":{\"@type\":\"PropertyValueSpecification\",\"valueRequired\":true,\"valueName\":\"search_term_string\"}}],\"inLanguage\":\"de\"}]}<\/script>\n<!-- \/ Yoast SEO plugin. -->","yoast_head_json":{"title":"Zeltvermietung in Ard\u00e8che: Ihr Camping-Erlebnis","description":"Zeltvermietung in Ard\u00e8che: Erleben Sie einen perfekten Campingurlaub mit organisierten Zelten, Natur pur und vielen Aktivit\u00e4ten. Jetzt buchen!","robots":{"index":"index","follow":"follow","max-snippet":"max-snippet:-1","max-image-preview":"max-image-preview:large","max-video-preview":"max-video-preview:-1"},"canonical":"https:\/\/domaine-des-chenes.fr\/de\/zeltvermietung-ardeche\/","og_locale":"de_DE","og_type":"article","og_title":"Zeltvermietung in Ard\u00e8che: Ihr Camping-Erlebnis","og_description":"Zeltvermietung in Ard\u00e8che: Erleben Sie einen perfekten Campingurlaub mit organisierten Zelten, Natur pur und vielen Aktivit\u00e4ten. Jetzt buchen!","og_url":"https:\/\/domaine-des-chenes.fr\/de\/zeltvermietung-ardeche\/","og_site_name":"Domaine des Ch\u00eanes","article_modified_time":"2025-10-22T09:32:38+00:00","og_image":[{"width":1878,"height":1252,"url":"https:\/\/domaine-des-chenes.fr\/wp-content\/uploads\/2021\/12\/LODGES-WL-34-3-S-06.jpg","type":"image\/jpeg"}],"twitter_card":"summary_large_image","twitter_misc":{"Gesch\u00e4tzte Lesezeit":"1\u00a0Minute"},"schema":{"@context":"https:\/\/schema.org","@graph":[{"@type":"WebPage","@id":"https:\/\/domaine-des-chenes.fr\/de\/zeltvermietung-ardeche\/","url":"https:\/\/domaine-des-chenes.fr\/de\/zeltvermietung-ardeche\/","name":"Zeltvermietung in Ard\u00e8che: Ihr Camping-Erlebnis","isPartOf":{"@id":"https:\/\/domaine-des-chenes.fr\/de\/#website"},"primaryImageOfPage":{"@id":"https:\/\/domaine-des-chenes.fr\/de\/zeltvermietung-ardeche\/#primaryimage"},"image":{"@id":"https:\/\/domaine-des-chenes.fr\/de\/zeltvermietung-ardeche\/#primaryimage"},"thumbnailUrl":"https:\/\/domaine-des-chenes.fr\/wp-content\/uploads\/2021\/12\/LODGES-WL-34-3-S-06.jpg","datePublished":"2019-07-15T14:41:41+00:00","dateModified":"2025-10-22T09:32:38+00:00","description":"Zeltvermietung in Ard\u00e8che: Erleben Sie einen perfekten Campingurlaub mit organisierten Zelten, Natur pur und vielen Aktivit\u00e4ten. Jetzt buchen!","breadcrumb":{"@id":"https:\/\/domaine-des-chenes.fr\/de\/zeltvermietung-ardeche\/#breadcrumb"},"inLanguage":"de","potentialAction":[{"@type":"ReadAction","target":["https:\/\/domaine-des-chenes.fr\/de\/zeltvermietung-ardeche\/"]}]},{"@type":"ImageObject","inLanguage":"de","@id":"https:\/\/domaine-des-chenes.fr\/de\/zeltvermietung-ardeche\/#primaryimage","url":"https:\/\/domaine-des-chenes.fr\/wp-content\/uploads\/2021\/12\/LODGES-WL-34-3-S-06.jpg","contentUrl":"https:\/\/domaine-des-chenes.fr\/wp-content\/uploads\/2021\/12\/LODGES-WL-34-3-S-06.jpg","width":1878,"height":1252,"caption":"Nos h\u00e9bergements tout confort en Ard\u00e8che"},{"@type":"BreadcrumbList","@id":"https:\/\/domaine-des-chenes.fr\/de\/zeltvermietung-ardeche\/#breadcrumb","itemListElement":[{"@type":"ListItem","position":1,"name":"Campingplatz Ard\u00e8che","item":"https:\/\/domaine-des-chenes.fr\/de\/"},{"@type":"ListItem","position":2,"name":"Zeltvermietung Ard\u00e8che"}]},{"@type":"WebSite","@id":"https:\/\/domaine-des-chenes.fr\/de\/#website","url":"https:\/\/domaine-des-chenes.fr\/de\/","name":"Domaine des Ch\u00eanes","description":"","potentialAction":[{"@type":"SearchAction","target":{"@type":"EntryPoint","urlTemplate":"https:\/\/domaine-des-chenes.fr\/de\/?s={search_term_string}"},"query-input":{"@type":"PropertyValueSpecification","valueRequired":true,"valueName":"search_term_string"}}],"inLanguage":"de"}]}},"_links":{"self":[{"href":"https:\/\/domaine-des-chenes.fr\/de\/wp-json\/wp\/v2\/pages\/5455"}],"collection":[{"href":"https:\/\/domaine-des-chenes.fr\/de\/wp-json\/wp\/v2\/pages"}],"about":[{"href":"https:\/\/domaine-des-chenes.fr\/de\/wp-json\/wp\/v2\/types\/page"}],"author":[{"embeddable":true,"href":"https:\/\/domaine-des-chenes.fr\/de\/wp-json\/wp\/v2\/users\/1"}],"replies":[{"embeddable":true,"href":"https:\/\/domaine-des-chenes.fr\/de\/wp-json\/wp\/v2\/comments?post=5455"}],"version-history":[{"count":11,"href":"https:\/\/domaine-des-chenes.fr\/de\/wp-json\/wp\/v2\/pages\/5455\/revisions"}],"predecessor-version":[{"id":10609,"href":"https:\/\/domaine-des-chenes.fr\/de\/wp-json\/wp\/v2\/pages\/5455\/revisions\/10609"}],"wp:featuredmedia":[{"embeddable":true,"href":"https:\/\/domaine-des-chenes.fr\/de\/wp-json\/wp\/v2\/media\/8211"}],"wp:attachment":[{"href":"https:\/\/domaine-des-chenes.fr\/de\/wp-json\/wp\/v2\/media?parent=5455"}],"curies":[{"name":"wp","href":"https:\/\/api.w.org\/{rel}","templated":true}]}}