{"id":5085,"date":"2019-07-10T16:36:16","date_gmt":"2019-07-10T14:36:16","guid":{"rendered":"http:\/\/www.domaine-des-chenes.fr\/luxuriose-mietobjekte-ardeche\/"},"modified":"2025-10-22T11:29:48","modified_gmt":"2025-10-22T09:29:48","slug":"luxuriose-mietobjekte-ardeche","status":"publish","type":"page","link":"https:\/\/domaine-des-chenes.fr\/de\/luxuriose-mietobjekte-ardeche\/","title":{"rendered":"Luxuri\u00f6se Mietobjekte Ardeche"},"content":{"rendered":"","protected":false},"excerpt":{"rendered":"","protected":false},"author":1,"featured_media":8625,"parent":0,"menu_order":0,"comment_status":"closed","ping_status":"closed","template":"","meta":{"footnotes":""},"class_list":["post-5085","page","type-page","status-publish","has-post-thumbnail","hentry"],"yoast_head":"<!-- This site is optimized with the Yoast SEO plugin v25.3 - https:\/\/yoast.com\/wordpress\/plugins\/seo\/ -->\n<title>Luxuri\u00f6ser Campingplatz Ardeche - Luxuri\u00f6ses Mobilheim<\/title>\n<meta name=\"description\" content=\"Campingplatz 4**** Domaine des Ch\u00eanes in Ard\u00e8che bietet Ihnen Luxusvermietungen f\u00fcr Ihren Campingurlaub. All der Komfort und der Luxus einer Vermietung\" \/>\n<meta name=\"robots\" content=\"index, follow, max-snippet:-1, max-image-preview:large, max-video-preview:-1\" \/>\n<link rel=\"canonical\" href=\"https:\/\/domaine-des-chenes.fr\/de\/luxuriose-mietobjekte-ardeche\/\" \/>\n<meta property=\"og:locale\" content=\"de_DE\" \/>\n<meta property=\"og:type\" content=\"article\" \/>\n<meta property=\"og:title\" content=\"Luxuri\u00f6ser Campingplatz Ardeche - Luxuri\u00f6ses Mobilheim\" \/>\n<meta property=\"og:description\" content=\"Campingplatz 4**** Domaine des Ch\u00eanes in Ard\u00e8che bietet Ihnen Luxusvermietungen f\u00fcr Ihren Campingurlaub. All der Komfort und der Luxus einer Vermietung\" \/>\n<meta property=\"og:url\" content=\"https:\/\/domaine-des-chenes.fr\/de\/luxuriose-mietobjekte-ardeche\/\" \/>\n<meta property=\"og:site_name\" content=\"Domaine des Ch\u00eanes\" \/>\n<meta property=\"article:modified_time\" content=\"2025-10-22T09:29:48+00:00\" \/>\n<meta property=\"og:image\" content=\"https:\/\/domaine-des-chenes.fr\/wp-content\/uploads\/2022\/12\/mobil-home-luxe-1.png\" \/>\n\t<meta property=\"og:image:width\" content=\"1600\" \/>\n\t<meta property=\"og:image:height\" content=\"400\" \/>\n\t<meta property=\"og:image:type\" content=\"image\/png\" \/>\n<meta name=\"twitter:card\" content=\"summary_large_image\" \/>\n<meta name=\"twitter:label1\" content=\"Gesch\u00e4tzte Lesezeit\" \/>\n\t<meta name=\"twitter:data1\" content=\"1\u00a0Minute\" \/>\n<script type=\"application\/ld+json\" class=\"yoast-schema-graph\">{\"@context\":\"https:\/\/schema.org\",\"@graph\":[{\"@type\":\"WebPage\",\"@id\":\"https:\/\/domaine-des-chenes.fr\/de\/luxuriose-mietobjekte-ardeche\/\",\"url\":\"https:\/\/domaine-des-chenes.fr\/de\/luxuriose-mietobjekte-ardeche\/\",\"name\":\"Luxuri\u00f6ser Campingplatz Ardeche - Luxuri\u00f6ses Mobilheim\",\"isPartOf\":{\"@id\":\"https:\/\/domaine-des-chenes.fr\/de\/#website\"},\"primaryImageOfPage\":{\"@id\":\"https:\/\/domaine-des-chenes.fr\/de\/luxuriose-mietobjekte-ardeche\/#primaryimage\"},\"image\":{\"@id\":\"https:\/\/domaine-des-chenes.fr\/de\/luxuriose-mietobjekte-ardeche\/#primaryimage\"},\"thumbnailUrl\":\"https:\/\/domaine-des-chenes.fr\/wp-content\/uploads\/2022\/12\/mobil-home-luxe-1.png\",\"datePublished\":\"2019-07-10T14:36:16+00:00\",\"dateModified\":\"2025-10-22T09:29:48+00:00\",\"description\":\"Campingplatz 4**** Domaine des Ch\u00eanes in Ard\u00e8che bietet Ihnen Luxusvermietungen f\u00fcr Ihren Campingurlaub. All der Komfort und der Luxus einer Vermietung\",\"breadcrumb\":{\"@id\":\"https:\/\/domaine-des-chenes.fr\/de\/luxuriose-mietobjekte-ardeche\/#breadcrumb\"},\"inLanguage\":\"de\",\"potentialAction\":[{\"@type\":\"ReadAction\",\"target\":[\"https:\/\/domaine-des-chenes.fr\/de\/luxuriose-mietobjekte-ardeche\/\"]}]},{\"@type\":\"ImageObject\",\"inLanguage\":\"de\",\"@id\":\"https:\/\/domaine-des-chenes.fr\/de\/luxuriose-mietobjekte-ardeche\/#primaryimage\",\"url\":\"https:\/\/domaine-des-chenes.fr\/wp-content\/uploads\/2022\/12\/mobil-home-luxe-1.png\",\"contentUrl\":\"https:\/\/domaine-des-chenes.fr\/wp-content\/uploads\/2022\/12\/mobil-home-luxe-1.png\",\"width\":1600,\"height\":400,\"caption\":\"mobil home luxe ardeche\"},{\"@type\":\"BreadcrumbList\",\"@id\":\"https:\/\/domaine-des-chenes.fr\/de\/luxuriose-mietobjekte-ardeche\/#breadcrumb\",\"itemListElement\":[{\"@type\":\"ListItem\",\"position\":1,\"name\":\"Campingplatz Ard\u00e8che\",\"item\":\"https:\/\/domaine-des-chenes.fr\/de\/\"},{\"@type\":\"ListItem\",\"position\":2,\"name\":\"Campingplatz luxe Ardeche\"}]},{\"@type\":\"WebSite\",\"@id\":\"https:\/\/domaine-des-chenes.fr\/de\/#website\",\"url\":\"https:\/\/domaine-des-chenes.fr\/de\/\",\"name\":\"Domaine des Ch\u00eanes\",\"description\":\"\",\"potentialAction\":[{\"@type\":\"SearchAction\",\"target\":{\"@type\":\"EntryPoint\",\"urlTemplate\":\"https:\/\/domaine-des-chenes.fr\/de\/?s={search_term_string}\"},\"query-input\":{\"@type\":\"PropertyValueSpecification\",\"valueRequired\":true,\"valueName\":\"search_term_string\"}}],\"inLanguage\":\"de\"}]}<\/script>\n<!-- \/ Yoast SEO plugin. -->","yoast_head_json":{"title":"Luxuri\u00f6ser Campingplatz Ardeche - Luxuri\u00f6ses Mobilheim","description":"Campingplatz 4**** Domaine des Ch\u00eanes in Ard\u00e8che bietet Ihnen Luxusvermietungen f\u00fcr Ihren Campingurlaub. All der Komfort und der Luxus einer Vermietung","robots":{"index":"index","follow":"follow","max-snippet":"max-snippet:-1","max-image-preview":"max-image-preview:large","max-video-preview":"max-video-preview:-1"},"canonical":"https:\/\/domaine-des-chenes.fr\/de\/luxuriose-mietobjekte-ardeche\/","og_locale":"de_DE","og_type":"article","og_title":"Luxuri\u00f6ser Campingplatz Ardeche - Luxuri\u00f6ses Mobilheim","og_description":"Campingplatz 4**** Domaine des Ch\u00eanes in Ard\u00e8che bietet Ihnen Luxusvermietungen f\u00fcr Ihren Campingurlaub. All der Komfort und der Luxus einer Vermietung","og_url":"https:\/\/domaine-des-chenes.fr\/de\/luxuriose-mietobjekte-ardeche\/","og_site_name":"Domaine des Ch\u00eanes","article_modified_time":"2025-10-22T09:29:48+00:00","og_image":[{"width":1600,"height":400,"url":"https:\/\/domaine-des-chenes.fr\/wp-content\/uploads\/2022\/12\/mobil-home-luxe-1.png","type":"image\/png"}],"twitter_card":"summary_large_image","twitter_misc":{"Gesch\u00e4tzte Lesezeit":"1\u00a0Minute"},"schema":{"@context":"https:\/\/schema.org","@graph":[{"@type":"WebPage","@id":"https:\/\/domaine-des-chenes.fr\/de\/luxuriose-mietobjekte-ardeche\/","url":"https:\/\/domaine-des-chenes.fr\/de\/luxuriose-mietobjekte-ardeche\/","name":"Luxuri\u00f6ser Campingplatz Ardeche - Luxuri\u00f6ses Mobilheim","isPartOf":{"@id":"https:\/\/domaine-des-chenes.fr\/de\/#website"},"primaryImageOfPage":{"@id":"https:\/\/domaine-des-chenes.fr\/de\/luxuriose-mietobjekte-ardeche\/#primaryimage"},"image":{"@id":"https:\/\/domaine-des-chenes.fr\/de\/luxuriose-mietobjekte-ardeche\/#primaryimage"},"thumbnailUrl":"https:\/\/domaine-des-chenes.fr\/wp-content\/uploads\/2022\/12\/mobil-home-luxe-1.png","datePublished":"2019-07-10T14:36:16+00:00","dateModified":"2025-10-22T09:29:48+00:00","description":"Campingplatz 4**** Domaine des Ch\u00eanes in Ard\u00e8che bietet Ihnen Luxusvermietungen f\u00fcr Ihren Campingurlaub. All der Komfort und der Luxus einer Vermietung","breadcrumb":{"@id":"https:\/\/domaine-des-chenes.fr\/de\/luxuriose-mietobjekte-ardeche\/#breadcrumb"},"inLanguage":"de","potentialAction":[{"@type":"ReadAction","target":["https:\/\/domaine-des-chenes.fr\/de\/luxuriose-mietobjekte-ardeche\/"]}]},{"@type":"ImageObject","inLanguage":"de","@id":"https:\/\/domaine-des-chenes.fr\/de\/luxuriose-mietobjekte-ardeche\/#primaryimage","url":"https:\/\/domaine-des-chenes.fr\/wp-content\/uploads\/2022\/12\/mobil-home-luxe-1.png","contentUrl":"https:\/\/domaine-des-chenes.fr\/wp-content\/uploads\/2022\/12\/mobil-home-luxe-1.png","width":1600,"height":400,"caption":"mobil home luxe ardeche"},{"@type":"BreadcrumbList","@id":"https:\/\/domaine-des-chenes.fr\/de\/luxuriose-mietobjekte-ardeche\/#breadcrumb","itemListElement":[{"@type":"ListItem","position":1,"name":"Campingplatz Ard\u00e8che","item":"https:\/\/domaine-des-chenes.fr\/de\/"},{"@type":"ListItem","position":2,"name":"Campingplatz luxe Ardeche"}]},{"@type":"WebSite","@id":"https:\/\/domaine-des-chenes.fr\/de\/#website","url":"https:\/\/domaine-des-chenes.fr\/de\/","name":"Domaine des Ch\u00eanes","description":"","potentialAction":[{"@type":"SearchAction","target":{"@type":"EntryPoint","urlTemplate":"https:\/\/domaine-des-chenes.fr\/de\/?s={search_term_string}"},"query-input":{"@type":"PropertyValueSpecification","valueRequired":true,"valueName":"search_term_string"}}],"inLanguage":"de"}]}},"_links":{"self":[{"href":"https:\/\/domaine-des-chenes.fr\/de\/wp-json\/wp\/v2\/pages\/5085"}],"collection":[{"href":"https:\/\/domaine-des-chenes.fr\/de\/wp-json\/wp\/v2\/pages"}],"about":[{"href":"https:\/\/domaine-des-chenes.fr\/de\/wp-json\/wp\/v2\/types\/page"}],"author":[{"embeddable":true,"href":"https:\/\/domaine-des-chenes.fr\/de\/wp-json\/wp\/v2\/users\/1"}],"replies":[{"embeddable":true,"href":"https:\/\/domaine-des-chenes.fr\/de\/wp-json\/wp\/v2\/comments?post=5085"}],"version-history":[{"count":14,"href":"https:\/\/domaine-des-chenes.fr\/de\/wp-json\/wp\/v2\/pages\/5085\/revisions"}],"predecessor-version":[{"id":10603,"href":"https:\/\/domaine-des-chenes.fr\/de\/wp-json\/wp\/v2\/pages\/5085\/revisions\/10603"}],"wp:featuredmedia":[{"embeddable":true,"href":"https:\/\/domaine-des-chenes.fr\/de\/wp-json\/wp\/v2\/media\/8625"}],"wp:attachment":[{"href":"https:\/\/domaine-des-chenes.fr\/de\/wp-json\/wp\/v2\/media?parent=5085"}],"curies":[{"name":"wp","href":"https:\/\/api.w.org\/{rel}","templated":true}]}}