{"id":4976,"date":"2019-07-10T14:57:13","date_gmt":"2019-07-10T12:57:13","guid":{"rendered":"http:\/\/www.domaine-des-chenes.fr\/unterhaltung-auf-der-domaine-des-chenes\/"},"modified":"2025-10-03T14:10:43","modified_gmt":"2025-10-03T12:10:43","slug":"camping-animationen-ardeche","status":"publish","type":"page","link":"https:\/\/domaine-des-chenes.fr\/de\/camping-animationen-ardeche\/","title":{"rendered":"Veranstaltungen in der Domaine des Ch\u00eanes"},"content":{"rendered":"","protected":false},"excerpt":{"rendered":"","protected":false},"author":1,"featured_media":5933,"parent":0,"menu_order":0,"comment_status":"closed","ping_status":"closed","template":"","meta":{"footnotes":""},"class_list":["post-4976","page","type-page","status-publish","has-post-thumbnail","hentry"],"yoast_head":"<!-- This site is optimized with the Yoast SEO plugin v25.3 - https:\/\/yoast.com\/wordpress\/plugins\/seo\/ -->\n<title>Camping mit Animationen Ardeche | Aktivit\u00e4ten und Partys Ardeche<\/title>\n<meta name=\"description\" content=\"Entdecken Sie hier alle Abendveranstaltungen und Animationen, die auf dem 4-Sterne-Campingplatz Domaine des Ch\u00eanes in der Ard\u00e8che geplant sind. Alle n\u00fctzlichen Informationen f\u00fcr Ihren n\u00e4chsten Urlaub auf dem Campingplatz.\" \/>\n<meta name=\"robots\" content=\"index, follow, max-snippet:-1, max-image-preview:large, max-video-preview:-1\" \/>\n<link rel=\"canonical\" href=\"https:\/\/domaine-des-chenes.fr\/de\/camping-animationen-ardeche\/\" \/>\n<meta property=\"og:locale\" content=\"de_DE\" \/>\n<meta property=\"og:type\" content=\"article\" \/>\n<meta property=\"og:title\" content=\"Camping mit Animationen Ardeche | Aktivit\u00e4ten und Partys Ardeche\" \/>\n<meta property=\"og:description\" content=\"Entdecken Sie hier alle Abendveranstaltungen und Animationen, die auf dem 4-Sterne-Campingplatz Domaine des Ch\u00eanes in der Ard\u00e8che geplant sind. Alle n\u00fctzlichen Informationen f\u00fcr Ihren n\u00e4chsten Urlaub auf dem Campingplatz.\" \/>\n<meta property=\"og:url\" content=\"https:\/\/domaine-des-chenes.fr\/de\/camping-animationen-ardeche\/\" \/>\n<meta property=\"og:site_name\" content=\"Domaine des Ch\u00eanes\" \/>\n<meta property=\"article:modified_time\" content=\"2025-10-03T12:10:43+00:00\" \/>\n<meta property=\"og:image\" content=\"https:\/\/domaine-des-chenes.fr\/wp-content\/uploads\/2019\/09\/animations-au-camping-ardeche.jpg\" \/>\n\t<meta property=\"og:image:width\" content=\"1600\" \/>\n\t<meta property=\"og:image:height\" content=\"400\" \/>\n\t<meta property=\"og:image:type\" content=\"image\/jpeg\" \/>\n<meta name=\"twitter:card\" content=\"summary_large_image\" \/>\n<meta name=\"twitter:label1\" content=\"Gesch\u00e4tzte Lesezeit\" \/>\n\t<meta name=\"twitter:data1\" content=\"1\u00a0Minute\" \/>\n<script type=\"application\/ld+json\" class=\"yoast-schema-graph\">{\"@context\":\"https:\/\/schema.org\",\"@graph\":[{\"@type\":\"WebPage\",\"@id\":\"https:\/\/domaine-des-chenes.fr\/de\/camping-animationen-ardeche\/\",\"url\":\"https:\/\/domaine-des-chenes.fr\/de\/camping-animationen-ardeche\/\",\"name\":\"Camping mit Animationen Ardeche | Aktivit\u00e4ten und Partys Ardeche\",\"isPartOf\":{\"@id\":\"https:\/\/domaine-des-chenes.fr\/de\/#website\"},\"primaryImageOfPage\":{\"@id\":\"https:\/\/domaine-des-chenes.fr\/de\/camping-animationen-ardeche\/#primaryimage\"},\"image\":{\"@id\":\"https:\/\/domaine-des-chenes.fr\/de\/camping-animationen-ardeche\/#primaryimage\"},\"thumbnailUrl\":\"https:\/\/domaine-des-chenes.fr\/wp-content\/uploads\/2019\/09\/animations-au-camping-ardeche.jpg\",\"datePublished\":\"2019-07-10T12:57:13+00:00\",\"dateModified\":\"2025-10-03T12:10:43+00:00\",\"description\":\"Entdecken Sie hier alle Abendveranstaltungen und Animationen, die auf dem 4-Sterne-Campingplatz Domaine des Ch\u00eanes in der Ard\u00e8che geplant sind. Alle n\u00fctzlichen Informationen f\u00fcr Ihren n\u00e4chsten Urlaub auf dem Campingplatz.\",\"breadcrumb\":{\"@id\":\"https:\/\/domaine-des-chenes.fr\/de\/camping-animationen-ardeche\/#breadcrumb\"},\"inLanguage\":\"de\",\"potentialAction\":[{\"@type\":\"ReadAction\",\"target\":[\"https:\/\/domaine-des-chenes.fr\/de\/camping-animationen-ardeche\/\"]}]},{\"@type\":\"ImageObject\",\"inLanguage\":\"de\",\"@id\":\"https:\/\/domaine-des-chenes.fr\/de\/camping-animationen-ardeche\/#primaryimage\",\"url\":\"https:\/\/domaine-des-chenes.fr\/wp-content\/uploads\/2019\/09\/animations-au-camping-ardeche.jpg\",\"contentUrl\":\"https:\/\/domaine-des-chenes.fr\/wp-content\/uploads\/2019\/09\/animations-au-camping-ardeche.jpg\",\"width\":1600,\"height\":400,\"caption\":\"animations au camping Ard\u00e8che\"},{\"@type\":\"BreadcrumbList\",\"@id\":\"https:\/\/domaine-des-chenes.fr\/de\/camping-animationen-ardeche\/#breadcrumb\",\"itemListElement\":[{\"@type\":\"ListItem\",\"position\":1,\"name\":\"Campingplatz Ard\u00e8che\",\"item\":\"https:\/\/domaine-des-chenes.fr\/de\/\"},{\"@type\":\"ListItem\",\"position\":2,\"name\":\"Camping Animation\"}]},{\"@type\":\"WebSite\",\"@id\":\"https:\/\/domaine-des-chenes.fr\/de\/#website\",\"url\":\"https:\/\/domaine-des-chenes.fr\/de\/\",\"name\":\"Domaine des Ch\u00eanes\",\"description\":\"\",\"potentialAction\":[{\"@type\":\"SearchAction\",\"target\":{\"@type\":\"EntryPoint\",\"urlTemplate\":\"https:\/\/domaine-des-chenes.fr\/de\/?s={search_term_string}\"},\"query-input\":{\"@type\":\"PropertyValueSpecification\",\"valueRequired\":true,\"valueName\":\"search_term_string\"}}],\"inLanguage\":\"de\"}]}<\/script>\n<!-- \/ Yoast SEO plugin. -->","yoast_head_json":{"title":"Camping mit Animationen Ardeche | Aktivit\u00e4ten und Partys Ardeche","description":"Entdecken Sie hier alle Abendveranstaltungen und Animationen, die auf dem 4-Sterne-Campingplatz Domaine des Ch\u00eanes in der Ard\u00e8che geplant sind. Alle n\u00fctzlichen Informationen f\u00fcr Ihren n\u00e4chsten Urlaub auf dem Campingplatz.","robots":{"index":"index","follow":"follow","max-snippet":"max-snippet:-1","max-image-preview":"max-image-preview:large","max-video-preview":"max-video-preview:-1"},"canonical":"https:\/\/domaine-des-chenes.fr\/de\/camping-animationen-ardeche\/","og_locale":"de_DE","og_type":"article","og_title":"Camping mit Animationen Ardeche | Aktivit\u00e4ten und Partys Ardeche","og_description":"Entdecken Sie hier alle Abendveranstaltungen und Animationen, die auf dem 4-Sterne-Campingplatz Domaine des Ch\u00eanes in der Ard\u00e8che geplant sind. Alle n\u00fctzlichen Informationen f\u00fcr Ihren n\u00e4chsten Urlaub auf dem Campingplatz.","og_url":"https:\/\/domaine-des-chenes.fr\/de\/camping-animationen-ardeche\/","og_site_name":"Domaine des Ch\u00eanes","article_modified_time":"2025-10-03T12:10:43+00:00","og_image":[{"width":1600,"height":400,"url":"https:\/\/domaine-des-chenes.fr\/wp-content\/uploads\/2019\/09\/animations-au-camping-ardeche.jpg","type":"image\/jpeg"}],"twitter_card":"summary_large_image","twitter_misc":{"Gesch\u00e4tzte Lesezeit":"1\u00a0Minute"},"schema":{"@context":"https:\/\/schema.org","@graph":[{"@type":"WebPage","@id":"https:\/\/domaine-des-chenes.fr\/de\/camping-animationen-ardeche\/","url":"https:\/\/domaine-des-chenes.fr\/de\/camping-animationen-ardeche\/","name":"Camping mit Animationen Ardeche | Aktivit\u00e4ten und Partys Ardeche","isPartOf":{"@id":"https:\/\/domaine-des-chenes.fr\/de\/#website"},"primaryImageOfPage":{"@id":"https:\/\/domaine-des-chenes.fr\/de\/camping-animationen-ardeche\/#primaryimage"},"image":{"@id":"https:\/\/domaine-des-chenes.fr\/de\/camping-animationen-ardeche\/#primaryimage"},"thumbnailUrl":"https:\/\/domaine-des-chenes.fr\/wp-content\/uploads\/2019\/09\/animations-au-camping-ardeche.jpg","datePublished":"2019-07-10T12:57:13+00:00","dateModified":"2025-10-03T12:10:43+00:00","description":"Entdecken Sie hier alle Abendveranstaltungen und Animationen, die auf dem 4-Sterne-Campingplatz Domaine des Ch\u00eanes in der Ard\u00e8che geplant sind. Alle n\u00fctzlichen Informationen f\u00fcr Ihren n\u00e4chsten Urlaub auf dem Campingplatz.","breadcrumb":{"@id":"https:\/\/domaine-des-chenes.fr\/de\/camping-animationen-ardeche\/#breadcrumb"},"inLanguage":"de","potentialAction":[{"@type":"ReadAction","target":["https:\/\/domaine-des-chenes.fr\/de\/camping-animationen-ardeche\/"]}]},{"@type":"ImageObject","inLanguage":"de","@id":"https:\/\/domaine-des-chenes.fr\/de\/camping-animationen-ardeche\/#primaryimage","url":"https:\/\/domaine-des-chenes.fr\/wp-content\/uploads\/2019\/09\/animations-au-camping-ardeche.jpg","contentUrl":"https:\/\/domaine-des-chenes.fr\/wp-content\/uploads\/2019\/09\/animations-au-camping-ardeche.jpg","width":1600,"height":400,"caption":"animations au camping Ard\u00e8che"},{"@type":"BreadcrumbList","@id":"https:\/\/domaine-des-chenes.fr\/de\/camping-animationen-ardeche\/#breadcrumb","itemListElement":[{"@type":"ListItem","position":1,"name":"Campingplatz Ard\u00e8che","item":"https:\/\/domaine-des-chenes.fr\/de\/"},{"@type":"ListItem","position":2,"name":"Camping Animation"}]},{"@type":"WebSite","@id":"https:\/\/domaine-des-chenes.fr\/de\/#website","url":"https:\/\/domaine-des-chenes.fr\/de\/","name":"Domaine des Ch\u00eanes","description":"","potentialAction":[{"@type":"SearchAction","target":{"@type":"EntryPoint","urlTemplate":"https:\/\/domaine-des-chenes.fr\/de\/?s={search_term_string}"},"query-input":{"@type":"PropertyValueSpecification","valueRequired":true,"valueName":"search_term_string"}}],"inLanguage":"de"}]}},"_links":{"self":[{"href":"https:\/\/domaine-des-chenes.fr\/de\/wp-json\/wp\/v2\/pages\/4976"}],"collection":[{"href":"https:\/\/domaine-des-chenes.fr\/de\/wp-json\/wp\/v2\/pages"}],"about":[{"href":"https:\/\/domaine-des-chenes.fr\/de\/wp-json\/wp\/v2\/types\/page"}],"author":[{"embeddable":true,"href":"https:\/\/domaine-des-chenes.fr\/de\/wp-json\/wp\/v2\/users\/1"}],"replies":[{"embeddable":true,"href":"https:\/\/domaine-des-chenes.fr\/de\/wp-json\/wp\/v2\/comments?post=4976"}],"version-history":[{"count":13,"href":"https:\/\/domaine-des-chenes.fr\/de\/wp-json\/wp\/v2\/pages\/4976\/revisions"}],"predecessor-version":[{"id":10562,"href":"https:\/\/domaine-des-chenes.fr\/de\/wp-json\/wp\/v2\/pages\/4976\/revisions\/10562"}],"wp:featuredmedia":[{"embeddable":true,"href":"https:\/\/domaine-des-chenes.fr\/de\/wp-json\/wp\/v2\/media\/5933"}],"wp:attachment":[{"href":"https:\/\/domaine-des-chenes.fr\/de\/wp-json\/wp\/v2\/media?parent=4976"}],"curies":[{"name":"wp","href":"https:\/\/api.w.org\/{rel}","templated":true}]}}