{"id":10093,"date":"2024-12-10T09:56:51","date_gmt":"2024-12-10T08:56:51","guid":{"rendered":"https:\/\/domaine-des-chenes.fr\/camping-accueil-velo-ardeche\/"},"modified":"2024-12-10T11:45:31","modified_gmt":"2024-12-10T10:45:31","slug":"camping-accueil-velo-ardeche","status":"publish","type":"page","link":"https:\/\/domaine-des-chenes.fr\/de\/camping-accueil-velo-ardeche\/","title":{"rendered":"Startseite Fahrrad"},"content":{"rendered":"","protected":false},"excerpt":{"rendered":"","protected":false},"author":1,"featured_media":0,"parent":0,"menu_order":0,"comment_status":"closed","ping_status":"closed","template":"","meta":{"footnotes":""},"class_list":["post-10093","page","type-page","status-publish","hentry"],"yoast_head":"<!-- This site is optimized with the Yoast SEO plugin v25.3 - https:\/\/yoast.com\/wordpress\/plugins\/seo\/ -->\n<title>Ardeche velo | Top-Radtouren in der Ard\u00e8che | Radwege<\/title>\n<meta name=\"description\" content=\"Der Campingplatz ist wie geschaffen f\u00fcr Radfahrer w\u00e4hrend ihres Aufenthalts in der Ard\u00e8che. Ein ideales Departement zum Radfahren. Machen Sie einen Halt auf unserem Campingplatz 4**** in der Ard\u00e8che.\" \/>\n<meta name=\"robots\" content=\"index, follow, max-snippet:-1, max-image-preview:large, max-video-preview:-1\" \/>\n<link rel=\"canonical\" href=\"https:\/\/domaine-des-chenes.fr\/de\/camping-accueil-velo-ardeche\/\" \/>\n<meta property=\"og:locale\" content=\"de_DE\" \/>\n<meta property=\"og:type\" content=\"article\" \/>\n<meta property=\"og:title\" content=\"Ardeche velo | Top-Radtouren in der Ard\u00e8che | Radwege\" \/>\n<meta property=\"og:description\" content=\"Der Campingplatz ist wie geschaffen f\u00fcr Radfahrer w\u00e4hrend ihres Aufenthalts in der Ard\u00e8che. Ein ideales Departement zum Radfahren. Machen Sie einen Halt auf unserem Campingplatz 4**** in der Ard\u00e8che.\" \/>\n<meta property=\"og:url\" content=\"https:\/\/domaine-des-chenes.fr\/de\/camping-accueil-velo-ardeche\/\" \/>\n<meta property=\"og:site_name\" content=\"Domaine des Ch\u00eanes\" \/>\n<meta property=\"article:modified_time\" content=\"2024-12-10T10:45:31+00:00\" \/>\n<meta name=\"twitter:card\" content=\"summary_large_image\" \/>\n<script type=\"application\/ld+json\" class=\"yoast-schema-graph\">{\"@context\":\"https:\/\/schema.org\",\"@graph\":[{\"@type\":\"WebPage\",\"@id\":\"https:\/\/domaine-des-chenes.fr\/de\/camping-accueil-velo-ardeche\/\",\"url\":\"https:\/\/domaine-des-chenes.fr\/de\/camping-accueil-velo-ardeche\/\",\"name\":\"Ardeche velo | Top-Radtouren in der Ard\u00e8che | Radwege\",\"isPartOf\":{\"@id\":\"https:\/\/domaine-des-chenes.fr\/de\/#website\"},\"datePublished\":\"2024-12-10T08:56:51+00:00\",\"dateModified\":\"2024-12-10T10:45:31+00:00\",\"description\":\"Der Campingplatz ist wie geschaffen f\u00fcr Radfahrer w\u00e4hrend ihres Aufenthalts in der Ard\u00e8che. Ein ideales Departement zum Radfahren. Machen Sie einen Halt auf unserem Campingplatz 4**** in der Ard\u00e8che.\",\"breadcrumb\":{\"@id\":\"https:\/\/domaine-des-chenes.fr\/de\/camping-accueil-velo-ardeche\/#breadcrumb\"},\"inLanguage\":\"de\",\"potentialAction\":[{\"@type\":\"ReadAction\",\"target\":[\"https:\/\/domaine-des-chenes.fr\/de\/camping-accueil-velo-ardeche\/\"]}]},{\"@type\":\"BreadcrumbList\",\"@id\":\"https:\/\/domaine-des-chenes.fr\/de\/camping-accueil-velo-ardeche\/#breadcrumb\",\"itemListElement\":[{\"@type\":\"ListItem\",\"position\":1,\"name\":\"Campingplatz Ard\u00e8che\",\"item\":\"https:\/\/domaine-des-chenes.fr\/de\/\"},{\"@type\":\"ListItem\",\"position\":2,\"name\":\"Fahrrad Ard\u00e8che\"}]},{\"@type\":\"WebSite\",\"@id\":\"https:\/\/domaine-des-chenes.fr\/de\/#website\",\"url\":\"https:\/\/domaine-des-chenes.fr\/de\/\",\"name\":\"Domaine des Ch\u00eanes\",\"description\":\"\",\"potentialAction\":[{\"@type\":\"SearchAction\",\"target\":{\"@type\":\"EntryPoint\",\"urlTemplate\":\"https:\/\/domaine-des-chenes.fr\/de\/?s={search_term_string}\"},\"query-input\":{\"@type\":\"PropertyValueSpecification\",\"valueRequired\":true,\"valueName\":\"search_term_string\"}}],\"inLanguage\":\"de\"}]}<\/script>\n<!-- \/ Yoast SEO plugin. -->","yoast_head_json":{"title":"Ardeche velo | Top-Radtouren in der Ard\u00e8che | Radwege","description":"Der Campingplatz ist wie geschaffen f\u00fcr Radfahrer w\u00e4hrend ihres Aufenthalts in der Ard\u00e8che. Ein ideales Departement zum Radfahren. Machen Sie einen Halt auf unserem Campingplatz 4**** in der Ard\u00e8che.","robots":{"index":"index","follow":"follow","max-snippet":"max-snippet:-1","max-image-preview":"max-image-preview:large","max-video-preview":"max-video-preview:-1"},"canonical":"https:\/\/domaine-des-chenes.fr\/de\/camping-accueil-velo-ardeche\/","og_locale":"de_DE","og_type":"article","og_title":"Ardeche velo | Top-Radtouren in der Ard\u00e8che | Radwege","og_description":"Der Campingplatz ist wie geschaffen f\u00fcr Radfahrer w\u00e4hrend ihres Aufenthalts in der Ard\u00e8che. Ein ideales Departement zum Radfahren. Machen Sie einen Halt auf unserem Campingplatz 4**** in der Ard\u00e8che.","og_url":"https:\/\/domaine-des-chenes.fr\/de\/camping-accueil-velo-ardeche\/","og_site_name":"Domaine des Ch\u00eanes","article_modified_time":"2024-12-10T10:45:31+00:00","twitter_card":"summary_large_image","schema":{"@context":"https:\/\/schema.org","@graph":[{"@type":"WebPage","@id":"https:\/\/domaine-des-chenes.fr\/de\/camping-accueil-velo-ardeche\/","url":"https:\/\/domaine-des-chenes.fr\/de\/camping-accueil-velo-ardeche\/","name":"Ardeche velo | Top-Radtouren in der Ard\u00e8che | Radwege","isPartOf":{"@id":"https:\/\/domaine-des-chenes.fr\/de\/#website"},"datePublished":"2024-12-10T08:56:51+00:00","dateModified":"2024-12-10T10:45:31+00:00","description":"Der Campingplatz ist wie geschaffen f\u00fcr Radfahrer w\u00e4hrend ihres Aufenthalts in der Ard\u00e8che. Ein ideales Departement zum Radfahren. Machen Sie einen Halt auf unserem Campingplatz 4**** in der Ard\u00e8che.","breadcrumb":{"@id":"https:\/\/domaine-des-chenes.fr\/de\/camping-accueil-velo-ardeche\/#breadcrumb"},"inLanguage":"de","potentialAction":[{"@type":"ReadAction","target":["https:\/\/domaine-des-chenes.fr\/de\/camping-accueil-velo-ardeche\/"]}]},{"@type":"BreadcrumbList","@id":"https:\/\/domaine-des-chenes.fr\/de\/camping-accueil-velo-ardeche\/#breadcrumb","itemListElement":[{"@type":"ListItem","position":1,"name":"Campingplatz Ard\u00e8che","item":"https:\/\/domaine-des-chenes.fr\/de\/"},{"@type":"ListItem","position":2,"name":"Fahrrad Ard\u00e8che"}]},{"@type":"WebSite","@id":"https:\/\/domaine-des-chenes.fr\/de\/#website","url":"https:\/\/domaine-des-chenes.fr\/de\/","name":"Domaine des Ch\u00eanes","description":"","potentialAction":[{"@type":"SearchAction","target":{"@type":"EntryPoint","urlTemplate":"https:\/\/domaine-des-chenes.fr\/de\/?s={search_term_string}"},"query-input":{"@type":"PropertyValueSpecification","valueRequired":true,"valueName":"search_term_string"}}],"inLanguage":"de"}]}},"_links":{"self":[{"href":"https:\/\/domaine-des-chenes.fr\/de\/wp-json\/wp\/v2\/pages\/10093"}],"collection":[{"href":"https:\/\/domaine-des-chenes.fr\/de\/wp-json\/wp\/v2\/pages"}],"about":[{"href":"https:\/\/domaine-des-chenes.fr\/de\/wp-json\/wp\/v2\/types\/page"}],"author":[{"embeddable":true,"href":"https:\/\/domaine-des-chenes.fr\/de\/wp-json\/wp\/v2\/users\/1"}],"replies":[{"embeddable":true,"href":"https:\/\/domaine-des-chenes.fr\/de\/wp-json\/wp\/v2\/comments?post=10093"}],"version-history":[{"count":2,"href":"https:\/\/domaine-des-chenes.fr\/de\/wp-json\/wp\/v2\/pages\/10093\/revisions"}],"predecessor-version":[{"id":10163,"href":"https:\/\/domaine-des-chenes.fr\/de\/wp-json\/wp\/v2\/pages\/10093\/revisions\/10163"}],"wp:attachment":[{"href":"https:\/\/domaine-des-chenes.fr\/de\/wp-json\/wp\/v2\/media?parent=10093"}],"curies":[{"name":"wp","href":"https:\/\/api.w.org\/{rel}","templated":true}]}}