{"id":10077,"date":"2024-12-09T16:41:30","date_gmt":"2024-12-09T15:41:30","guid":{"rendered":"https:\/\/domaine-des-chenes.fr\/offres-speciales\/"},"modified":"2024-12-10T11:49:19","modified_gmt":"2024-12-10T10:49:19","slug":"angebot-specials","status":"publish","type":"page","link":"https:\/\/domaine-des-chenes.fr\/de\/angebot-specials\/","title":{"rendered":"Besondere Angebote"},"content":{"rendered":"","protected":false},"excerpt":{"rendered":"","protected":false},"author":1,"featured_media":0,"parent":0,"menu_order":0,"comment_status":"closed","ping_status":"closed","template":"","meta":{"footnotes":""},"class_list":["post-10077","page","type-page","status-publish","hentry"],"yoast_head":"<!-- This site is optimized with the Yoast SEO plugin v25.3 - https:\/\/yoast.com\/wordpress\/plugins\/seo\/ -->\n<title>Romantisches Wochenende Ardeche | Romantisches Wochenende Ardeche<\/title>\n<meta name=\"description\" content=\"Ein Wochenende f\u00fcr Verliebte in der Ard\u00e8che, einer wundersch\u00f6nen Region mit atemberaubenden Landschaften. Buchen Sie Ihren romantischen Aufenthalt in einem gem\u00fctlichen Ferienhaus im Herzen der Natur.\" \/>\n<meta name=\"robots\" content=\"index, follow, max-snippet:-1, max-image-preview:large, max-video-preview:-1\" \/>\n<link rel=\"canonical\" href=\"https:\/\/domaine-des-chenes.fr\/de\/angebot-specials\/\" \/>\n<meta property=\"og:locale\" content=\"de_DE\" \/>\n<meta property=\"og:type\" content=\"article\" \/>\n<meta property=\"og:title\" content=\"Romantisches Wochenende Ardeche | Romantisches Wochenende Ardeche\" \/>\n<meta property=\"og:description\" content=\"Ein Wochenende f\u00fcr Verliebte in der Ard\u00e8che, einer wundersch\u00f6nen Region mit atemberaubenden Landschaften. Buchen Sie Ihren romantischen Aufenthalt in einem gem\u00fctlichen Ferienhaus im Herzen der Natur.\" \/>\n<meta property=\"og:url\" content=\"https:\/\/domaine-des-chenes.fr\/de\/angebot-specials\/\" \/>\n<meta property=\"og:site_name\" content=\"Domaine des Ch\u00eanes\" \/>\n<meta property=\"article:modified_time\" content=\"2024-12-10T10:49:19+00:00\" \/>\n<meta name=\"twitter:card\" content=\"summary_large_image\" \/>\n<script type=\"application\/ld+json\" class=\"yoast-schema-graph\">{\"@context\":\"https:\/\/schema.org\",\"@graph\":[{\"@type\":\"WebPage\",\"@id\":\"https:\/\/domaine-des-chenes.fr\/de\/angebot-specials\/\",\"url\":\"https:\/\/domaine-des-chenes.fr\/de\/angebot-specials\/\",\"name\":\"Romantisches Wochenende Ardeche | Romantisches Wochenende Ardeche\",\"isPartOf\":{\"@id\":\"https:\/\/domaine-des-chenes.fr\/de\/#website\"},\"datePublished\":\"2024-12-09T15:41:30+00:00\",\"dateModified\":\"2024-12-10T10:49:19+00:00\",\"description\":\"Ein Wochenende f\u00fcr Verliebte in der Ard\u00e8che, einer wundersch\u00f6nen Region mit atemberaubenden Landschaften. Buchen Sie Ihren romantischen Aufenthalt in einem gem\u00fctlichen Ferienhaus im Herzen der Natur.\",\"breadcrumb\":{\"@id\":\"https:\/\/domaine-des-chenes.fr\/de\/angebot-specials\/#breadcrumb\"},\"inLanguage\":\"de\",\"potentialAction\":[{\"@type\":\"ReadAction\",\"target\":[\"https:\/\/domaine-des-chenes.fr\/de\/angebot-specials\/\"]}]},{\"@type\":\"BreadcrumbList\",\"@id\":\"https:\/\/domaine-des-chenes.fr\/de\/angebot-specials\/#breadcrumb\",\"itemListElement\":[{\"@type\":\"ListItem\",\"position\":1,\"name\":\"Campingplatz Ard\u00e8che\",\"item\":\"https:\/\/domaine-des-chenes.fr\/de\/\"},{\"@type\":\"ListItem\",\"position\":2,\"name\":\"Wochenende in Ardeche zu zweit\"}]},{\"@type\":\"WebSite\",\"@id\":\"https:\/\/domaine-des-chenes.fr\/de\/#website\",\"url\":\"https:\/\/domaine-des-chenes.fr\/de\/\",\"name\":\"Domaine des Ch\u00eanes\",\"description\":\"\",\"potentialAction\":[{\"@type\":\"SearchAction\",\"target\":{\"@type\":\"EntryPoint\",\"urlTemplate\":\"https:\/\/domaine-des-chenes.fr\/de\/?s={search_term_string}\"},\"query-input\":{\"@type\":\"PropertyValueSpecification\",\"valueRequired\":true,\"valueName\":\"search_term_string\"}}],\"inLanguage\":\"de\"}]}<\/script>\n<!-- \/ Yoast SEO plugin. -->","yoast_head_json":{"title":"Romantisches Wochenende Ardeche | Romantisches Wochenende Ardeche","description":"Ein Wochenende f\u00fcr Verliebte in der Ard\u00e8che, einer wundersch\u00f6nen Region mit atemberaubenden Landschaften. Buchen Sie Ihren romantischen Aufenthalt in einem gem\u00fctlichen Ferienhaus im Herzen der Natur.","robots":{"index":"index","follow":"follow","max-snippet":"max-snippet:-1","max-image-preview":"max-image-preview:large","max-video-preview":"max-video-preview:-1"},"canonical":"https:\/\/domaine-des-chenes.fr\/de\/angebot-specials\/","og_locale":"de_DE","og_type":"article","og_title":"Romantisches Wochenende Ardeche | Romantisches Wochenende Ardeche","og_description":"Ein Wochenende f\u00fcr Verliebte in der Ard\u00e8che, einer wundersch\u00f6nen Region mit atemberaubenden Landschaften. Buchen Sie Ihren romantischen Aufenthalt in einem gem\u00fctlichen Ferienhaus im Herzen der Natur.","og_url":"https:\/\/domaine-des-chenes.fr\/de\/angebot-specials\/","og_site_name":"Domaine des Ch\u00eanes","article_modified_time":"2024-12-10T10:49:19+00:00","twitter_card":"summary_large_image","schema":{"@context":"https:\/\/schema.org","@graph":[{"@type":"WebPage","@id":"https:\/\/domaine-des-chenes.fr\/de\/angebot-specials\/","url":"https:\/\/domaine-des-chenes.fr\/de\/angebot-specials\/","name":"Romantisches Wochenende Ardeche | Romantisches Wochenende Ardeche","isPartOf":{"@id":"https:\/\/domaine-des-chenes.fr\/de\/#website"},"datePublished":"2024-12-09T15:41:30+00:00","dateModified":"2024-12-10T10:49:19+00:00","description":"Ein Wochenende f\u00fcr Verliebte in der Ard\u00e8che, einer wundersch\u00f6nen Region mit atemberaubenden Landschaften. Buchen Sie Ihren romantischen Aufenthalt in einem gem\u00fctlichen Ferienhaus im Herzen der Natur.","breadcrumb":{"@id":"https:\/\/domaine-des-chenes.fr\/de\/angebot-specials\/#breadcrumb"},"inLanguage":"de","potentialAction":[{"@type":"ReadAction","target":["https:\/\/domaine-des-chenes.fr\/de\/angebot-specials\/"]}]},{"@type":"BreadcrumbList","@id":"https:\/\/domaine-des-chenes.fr\/de\/angebot-specials\/#breadcrumb","itemListElement":[{"@type":"ListItem","position":1,"name":"Campingplatz Ard\u00e8che","item":"https:\/\/domaine-des-chenes.fr\/de\/"},{"@type":"ListItem","position":2,"name":"Wochenende in Ardeche zu zweit"}]},{"@type":"WebSite","@id":"https:\/\/domaine-des-chenes.fr\/de\/#website","url":"https:\/\/domaine-des-chenes.fr\/de\/","name":"Domaine des Ch\u00eanes","description":"","potentialAction":[{"@type":"SearchAction","target":{"@type":"EntryPoint","urlTemplate":"https:\/\/domaine-des-chenes.fr\/de\/?s={search_term_string}"},"query-input":{"@type":"PropertyValueSpecification","valueRequired":true,"valueName":"search_term_string"}}],"inLanguage":"de"}]}},"_links":{"self":[{"href":"https:\/\/domaine-des-chenes.fr\/de\/wp-json\/wp\/v2\/pages\/10077"}],"collection":[{"href":"https:\/\/domaine-des-chenes.fr\/de\/wp-json\/wp\/v2\/pages"}],"about":[{"href":"https:\/\/domaine-des-chenes.fr\/de\/wp-json\/wp\/v2\/types\/page"}],"author":[{"embeddable":true,"href":"https:\/\/domaine-des-chenes.fr\/de\/wp-json\/wp\/v2\/users\/1"}],"replies":[{"embeddable":true,"href":"https:\/\/domaine-des-chenes.fr\/de\/wp-json\/wp\/v2\/comments?post=10077"}],"version-history":[{"count":1,"href":"https:\/\/domaine-des-chenes.fr\/de\/wp-json\/wp\/v2\/pages\/10077\/revisions"}],"predecessor-version":[{"id":10078,"href":"https:\/\/domaine-des-chenes.fr\/de\/wp-json\/wp\/v2\/pages\/10077\/revisions\/10078"}],"wp:attachment":[{"href":"https:\/\/domaine-des-chenes.fr\/de\/wp-json\/wp\/v2\/media?parent=10077"}],"curies":[{"name":"wp","href":"https:\/\/api.w.org\/{rel}","templated":true}]}}