{"id":10069,"date":"2024-12-09T16:41:23","date_gmt":"2024-12-09T15:41:23","guid":{"rendered":"https:\/\/domaine-des-chenes.fr\/campingplatz-vallon-pont-d-arc\/vacances-vallon-pont-d-arc\/"},"modified":"2024-12-10T11:37:47","modified_gmt":"2024-12-10T10:37:47","slug":"urlaub-vallon-pont-d-arc","status":"publish","type":"page","link":"https:\/\/domaine-des-chenes.fr\/de\/campingplatz-vallon-pont-d-arc\/urlaub-vallon-pont-d-arc\/","title":{"rendered":"Was kann man in Vallon Pont d&#8217;Arc unternehmen?"},"content":{"rendered":"","protected":false},"excerpt":{"rendered":"","protected":false},"author":1,"featured_media":10152,"parent":7970,"menu_order":0,"comment_status":"closed","ping_status":"closed","template":"","meta":{"footnotes":""},"class_list":["post-10069","page","type-page","status-publish","has-post-thumbnail","hentry"],"yoast_head":"<!-- This site is optimized with the Yoast SEO plugin v25.3 - https:\/\/yoast.com\/wordpress\/plugins\/seo\/ -->\n<title>Was kann man w\u00e4hrend eines Urlaubs in Vallon Pont d&#039;Arc sehen und unternehmen?<\/title>\n<meta name=\"description\" content=\"Sie wissen nicht, was Sie w\u00e4hrend Ihres Urlaubs in der Ard\u00e8che unternehmen sollen? Entdecken Sie hier alle Aktivit\u00e4ten, die Sie von unserem Campingplatz in der N\u00e4he von Vallon Pont d&#039;Arc aus unternehmen k\u00f6nnen.\" \/>\n<meta name=\"robots\" content=\"index, follow, max-snippet:-1, max-image-preview:large, max-video-preview:-1\" \/>\n<link rel=\"canonical\" href=\"https:\/\/domaine-des-chenes.fr\/de\/campingplatz-vallon-pont-d-arc\/urlaub-vallon-pont-d-arc\/\" \/>\n<meta property=\"og:locale\" content=\"de_DE\" \/>\n<meta property=\"og:type\" content=\"article\" \/>\n<meta property=\"og:title\" content=\"Was kann man w\u00e4hrend eines Urlaubs in Vallon Pont d&#039;Arc sehen und unternehmen?\" \/>\n<meta property=\"og:description\" content=\"Sie wissen nicht, was Sie w\u00e4hrend Ihres Urlaubs in der Ard\u00e8che unternehmen sollen? Entdecken Sie hier alle Aktivit\u00e4ten, die Sie von unserem Campingplatz in der N\u00e4he von Vallon Pont d&#039;Arc aus unternehmen k\u00f6nnen.\" \/>\n<meta property=\"og:url\" content=\"https:\/\/domaine-des-chenes.fr\/de\/campingplatz-vallon-pont-d-arc\/urlaub-vallon-pont-d-arc\/\" \/>\n<meta property=\"og:site_name\" content=\"Domaine des Ch\u00eanes\" \/>\n<meta property=\"article:modified_time\" content=\"2024-12-10T10:37:47+00:00\" \/>\n<meta property=\"og:image\" content=\"https:\/\/domaine-des-chenes.fr\/wp-content\/uploads\/2019\/03\/tourisme-vallon-pont-d-arc.jpg\" \/>\n\t<meta property=\"og:image:width\" content=\"1600\" \/>\n\t<meta property=\"og:image:height\" content=\"350\" \/>\n\t<meta property=\"og:image:type\" content=\"image\/jpeg\" \/>\n<meta name=\"twitter:card\" content=\"summary_large_image\" \/>\n<meta name=\"twitter:label1\" content=\"Gesch\u00e4tzte Lesezeit\" \/>\n\t<meta name=\"twitter:data1\" content=\"1\u00a0Minute\" \/>\n<script type=\"application\/ld+json\" class=\"yoast-schema-graph\">{\"@context\":\"https:\/\/schema.org\",\"@graph\":[{\"@type\":\"WebPage\",\"@id\":\"https:\/\/domaine-des-chenes.fr\/de\/campingplatz-vallon-pont-d-arc\/urlaub-vallon-pont-d-arc\/\",\"url\":\"https:\/\/domaine-des-chenes.fr\/de\/campingplatz-vallon-pont-d-arc\/urlaub-vallon-pont-d-arc\/\",\"name\":\"Was kann man w\u00e4hrend eines Urlaubs in Vallon Pont d'Arc sehen und unternehmen?\",\"isPartOf\":{\"@id\":\"https:\/\/domaine-des-chenes.fr\/de\/#website\"},\"primaryImageOfPage\":{\"@id\":\"https:\/\/domaine-des-chenes.fr\/de\/campingplatz-vallon-pont-d-arc\/urlaub-vallon-pont-d-arc\/#primaryimage\"},\"image\":{\"@id\":\"https:\/\/domaine-des-chenes.fr\/de\/campingplatz-vallon-pont-d-arc\/urlaub-vallon-pont-d-arc\/#primaryimage\"},\"thumbnailUrl\":\"https:\/\/domaine-des-chenes.fr\/wp-content\/uploads\/2019\/03\/tourisme-vallon-pont-d-arc.jpg\",\"datePublished\":\"2024-12-09T15:41:23+00:00\",\"dateModified\":\"2024-12-10T10:37:47+00:00\",\"description\":\"Sie wissen nicht, was Sie w\u00e4hrend Ihres Urlaubs in der Ard\u00e8che unternehmen sollen? Entdecken Sie hier alle Aktivit\u00e4ten, die Sie von unserem Campingplatz in der N\u00e4he von Vallon Pont d'Arc aus unternehmen k\u00f6nnen.\",\"breadcrumb\":{\"@id\":\"https:\/\/domaine-des-chenes.fr\/de\/campingplatz-vallon-pont-d-arc\/urlaub-vallon-pont-d-arc\/#breadcrumb\"},\"inLanguage\":\"de\",\"potentialAction\":[{\"@type\":\"ReadAction\",\"target\":[\"https:\/\/domaine-des-chenes.fr\/de\/campingplatz-vallon-pont-d-arc\/urlaub-vallon-pont-d-arc\/\"]}]},{\"@type\":\"ImageObject\",\"inLanguage\":\"de\",\"@id\":\"https:\/\/domaine-des-chenes.fr\/de\/campingplatz-vallon-pont-d-arc\/urlaub-vallon-pont-d-arc\/#primaryimage\",\"url\":\"https:\/\/domaine-des-chenes.fr\/wp-content\/uploads\/2019\/03\/tourisme-vallon-pont-d-arc.jpg\",\"contentUrl\":\"https:\/\/domaine-des-chenes.fr\/wp-content\/uploads\/2019\/03\/tourisme-vallon-pont-d-arc.jpg\",\"width\":1600,\"height\":350},{\"@type\":\"BreadcrumbList\",\"@id\":\"https:\/\/domaine-des-chenes.fr\/de\/campingplatz-vallon-pont-d-arc\/urlaub-vallon-pont-d-arc\/#breadcrumb\",\"itemListElement\":[{\"@type\":\"ListItem\",\"position\":1,\"name\":\"Campingplatz Ard\u00e8che\",\"item\":\"https:\/\/domaine-des-chenes.fr\/de\/\"},{\"@type\":\"ListItem\",\"position\":2,\"name\":\"Zeltplatz Vallon Pont d Arc\",\"item\":\"https:\/\/domaine-des-chenes.fr\/de\/campingplatz-vallon-pont-d-arc\/\"},{\"@type\":\"ListItem\",\"position\":3,\"name\":\"Vallon Pont d'Arc\"}]},{\"@type\":\"WebSite\",\"@id\":\"https:\/\/domaine-des-chenes.fr\/de\/#website\",\"url\":\"https:\/\/domaine-des-chenes.fr\/de\/\",\"name\":\"Domaine des Ch\u00eanes\",\"description\":\"\",\"potentialAction\":[{\"@type\":\"SearchAction\",\"target\":{\"@type\":\"EntryPoint\",\"urlTemplate\":\"https:\/\/domaine-des-chenes.fr\/de\/?s={search_term_string}\"},\"query-input\":{\"@type\":\"PropertyValueSpecification\",\"valueRequired\":true,\"valueName\":\"search_term_string\"}}],\"inLanguage\":\"de\"}]}<\/script>\n<!-- \/ Yoast SEO plugin. -->","yoast_head_json":{"title":"Was kann man w\u00e4hrend eines Urlaubs in Vallon Pont d'Arc sehen und unternehmen?","description":"Sie wissen nicht, was Sie w\u00e4hrend Ihres Urlaubs in der Ard\u00e8che unternehmen sollen? Entdecken Sie hier alle Aktivit\u00e4ten, die Sie von unserem Campingplatz in der N\u00e4he von Vallon Pont d'Arc aus unternehmen k\u00f6nnen.","robots":{"index":"index","follow":"follow","max-snippet":"max-snippet:-1","max-image-preview":"max-image-preview:large","max-video-preview":"max-video-preview:-1"},"canonical":"https:\/\/domaine-des-chenes.fr\/de\/campingplatz-vallon-pont-d-arc\/urlaub-vallon-pont-d-arc\/","og_locale":"de_DE","og_type":"article","og_title":"Was kann man w\u00e4hrend eines Urlaubs in Vallon Pont d'Arc sehen und unternehmen?","og_description":"Sie wissen nicht, was Sie w\u00e4hrend Ihres Urlaubs in der Ard\u00e8che unternehmen sollen? Entdecken Sie hier alle Aktivit\u00e4ten, die Sie von unserem Campingplatz in der N\u00e4he von Vallon Pont d'Arc aus unternehmen k\u00f6nnen.","og_url":"https:\/\/domaine-des-chenes.fr\/de\/campingplatz-vallon-pont-d-arc\/urlaub-vallon-pont-d-arc\/","og_site_name":"Domaine des Ch\u00eanes","article_modified_time":"2024-12-10T10:37:47+00:00","og_image":[{"width":1600,"height":350,"url":"https:\/\/domaine-des-chenes.fr\/wp-content\/uploads\/2019\/03\/tourisme-vallon-pont-d-arc.jpg","type":"image\/jpeg"}],"twitter_card":"summary_large_image","twitter_misc":{"Gesch\u00e4tzte Lesezeit":"1\u00a0Minute"},"schema":{"@context":"https:\/\/schema.org","@graph":[{"@type":"WebPage","@id":"https:\/\/domaine-des-chenes.fr\/de\/campingplatz-vallon-pont-d-arc\/urlaub-vallon-pont-d-arc\/","url":"https:\/\/domaine-des-chenes.fr\/de\/campingplatz-vallon-pont-d-arc\/urlaub-vallon-pont-d-arc\/","name":"Was kann man w\u00e4hrend eines Urlaubs in Vallon Pont d'Arc sehen und unternehmen?","isPartOf":{"@id":"https:\/\/domaine-des-chenes.fr\/de\/#website"},"primaryImageOfPage":{"@id":"https:\/\/domaine-des-chenes.fr\/de\/campingplatz-vallon-pont-d-arc\/urlaub-vallon-pont-d-arc\/#primaryimage"},"image":{"@id":"https:\/\/domaine-des-chenes.fr\/de\/campingplatz-vallon-pont-d-arc\/urlaub-vallon-pont-d-arc\/#primaryimage"},"thumbnailUrl":"https:\/\/domaine-des-chenes.fr\/wp-content\/uploads\/2019\/03\/tourisme-vallon-pont-d-arc.jpg","datePublished":"2024-12-09T15:41:23+00:00","dateModified":"2024-12-10T10:37:47+00:00","description":"Sie wissen nicht, was Sie w\u00e4hrend Ihres Urlaubs in der Ard\u00e8che unternehmen sollen? Entdecken Sie hier alle Aktivit\u00e4ten, die Sie von unserem Campingplatz in der N\u00e4he von Vallon Pont d'Arc aus unternehmen k\u00f6nnen.","breadcrumb":{"@id":"https:\/\/domaine-des-chenes.fr\/de\/campingplatz-vallon-pont-d-arc\/urlaub-vallon-pont-d-arc\/#breadcrumb"},"inLanguage":"de","potentialAction":[{"@type":"ReadAction","target":["https:\/\/domaine-des-chenes.fr\/de\/campingplatz-vallon-pont-d-arc\/urlaub-vallon-pont-d-arc\/"]}]},{"@type":"ImageObject","inLanguage":"de","@id":"https:\/\/domaine-des-chenes.fr\/de\/campingplatz-vallon-pont-d-arc\/urlaub-vallon-pont-d-arc\/#primaryimage","url":"https:\/\/domaine-des-chenes.fr\/wp-content\/uploads\/2019\/03\/tourisme-vallon-pont-d-arc.jpg","contentUrl":"https:\/\/domaine-des-chenes.fr\/wp-content\/uploads\/2019\/03\/tourisme-vallon-pont-d-arc.jpg","width":1600,"height":350},{"@type":"BreadcrumbList","@id":"https:\/\/domaine-des-chenes.fr\/de\/campingplatz-vallon-pont-d-arc\/urlaub-vallon-pont-d-arc\/#breadcrumb","itemListElement":[{"@type":"ListItem","position":1,"name":"Campingplatz Ard\u00e8che","item":"https:\/\/domaine-des-chenes.fr\/de\/"},{"@type":"ListItem","position":2,"name":"Zeltplatz Vallon Pont d Arc","item":"https:\/\/domaine-des-chenes.fr\/de\/campingplatz-vallon-pont-d-arc\/"},{"@type":"ListItem","position":3,"name":"Vallon Pont d'Arc"}]},{"@type":"WebSite","@id":"https:\/\/domaine-des-chenes.fr\/de\/#website","url":"https:\/\/domaine-des-chenes.fr\/de\/","name":"Domaine des Ch\u00eanes","description":"","potentialAction":[{"@type":"SearchAction","target":{"@type":"EntryPoint","urlTemplate":"https:\/\/domaine-des-chenes.fr\/de\/?s={search_term_string}"},"query-input":{"@type":"PropertyValueSpecification","valueRequired":true,"valueName":"search_term_string"}}],"inLanguage":"de"}]}},"_links":{"self":[{"href":"https:\/\/domaine-des-chenes.fr\/de\/wp-json\/wp\/v2\/pages\/10069"}],"collection":[{"href":"https:\/\/domaine-des-chenes.fr\/de\/wp-json\/wp\/v2\/pages"}],"about":[{"href":"https:\/\/domaine-des-chenes.fr\/de\/wp-json\/wp\/v2\/types\/page"}],"author":[{"embeddable":true,"href":"https:\/\/domaine-des-chenes.fr\/de\/wp-json\/wp\/v2\/users\/1"}],"replies":[{"embeddable":true,"href":"https:\/\/domaine-des-chenes.fr\/de\/wp-json\/wp\/v2\/comments?post=10069"}],"version-history":[{"count":3,"href":"https:\/\/domaine-des-chenes.fr\/de\/wp-json\/wp\/v2\/pages\/10069\/revisions"}],"predecessor-version":[{"id":10158,"href":"https:\/\/domaine-des-chenes.fr\/de\/wp-json\/wp\/v2\/pages\/10069\/revisions\/10158"}],"up":[{"embeddable":true,"href":"https:\/\/domaine-des-chenes.fr\/de\/wp-json\/wp\/v2\/pages\/7970"}],"wp:featuredmedia":[{"embeddable":true,"href":"https:\/\/domaine-des-chenes.fr\/de\/wp-json\/wp\/v2\/media\/10152"}],"wp:attachment":[{"href":"https:\/\/domaine-des-chenes.fr\/de\/wp-json\/wp\/v2\/media?parent=10069"}],"curies":[{"name":"wp","href":"https:\/\/api.w.org\/{rel}","templated":true}]}}