{"id":10068,"date":"2024-12-09T16:41:23","date_gmt":"2024-12-09T15:41:23","guid":{"rendered":"https:\/\/domaine-des-chenes.fr\/camping-bois-de-paiolive\/"},"modified":"2024-12-10T11:44:53","modified_gmt":"2024-12-10T10:44:53","slug":"zeltplatz-holz-von-paiolive","status":"publish","type":"page","link":"https:\/\/domaine-des-chenes.fr\/de\/zeltplatz-holz-von-paiolive\/","title":{"rendered":"Campingplatz Bois de Pa\u00efolive"},"content":{"rendered":"","protected":false},"excerpt":{"rendered":"","protected":false},"author":1,"featured_media":10121,"parent":0,"menu_order":0,"comment_status":"closed","ping_status":"closed","template":"","meta":{"footnotes":""},"class_list":["post-10068","page","type-page","status-publish","has-post-thumbnail","hentry"],"yoast_head":"<!-- This site is optimized with the Yoast SEO plugin v25.3 - https:\/\/yoast.com\/wordpress\/plugins\/seo\/ -->\n<title>Der Wald von Paiolive in der s\u00fcdlichen Ard\u00e8che | Wandern Bois de Paiolive<\/title>\n<meta name=\"description\" content=\"Urlaub im Bois de Pa\u00efolive: In der s\u00fcdlichen Ard\u00e8che in der N\u00e4he unseres Campingplatzes gelegen, k\u00f6nnen Sie diese einzigartige Sehensw\u00fcrdigkeit nicht \u00fcbersehen.\" \/>\n<meta name=\"robots\" content=\"index, follow, max-snippet:-1, max-image-preview:large, max-video-preview:-1\" \/>\n<link rel=\"canonical\" href=\"https:\/\/domaine-des-chenes.fr\/de\/zeltplatz-holz-von-paiolive\/\" \/>\n<meta property=\"og:locale\" content=\"de_DE\" \/>\n<meta property=\"og:type\" content=\"article\" \/>\n<meta property=\"og:title\" content=\"Der Wald von Paiolive in der s\u00fcdlichen Ard\u00e8che | Wandern Bois de Paiolive\" \/>\n<meta property=\"og:description\" content=\"Urlaub im Bois de Pa\u00efolive: In der s\u00fcdlichen Ard\u00e8che in der N\u00e4he unseres Campingplatzes gelegen, k\u00f6nnen Sie diese einzigartige Sehensw\u00fcrdigkeit nicht \u00fcbersehen.\" \/>\n<meta property=\"og:url\" content=\"https:\/\/domaine-des-chenes.fr\/de\/zeltplatz-holz-von-paiolive\/\" \/>\n<meta property=\"og:site_name\" content=\"Domaine des Ch\u00eanes\" \/>\n<meta property=\"article:modified_time\" content=\"2024-12-10T10:44:53+00:00\" \/>\n<meta property=\"og:image\" content=\"https:\/\/domaine-des-chenes.fr\/wp-content\/uploads\/2019\/03\/camping-Bois-de-Pa\u00efolive.jpg\" \/>\n\t<meta property=\"og:image:width\" content=\"1600\" \/>\n\t<meta property=\"og:image:height\" content=\"350\" \/>\n\t<meta property=\"og:image:type\" content=\"image\/jpeg\" \/>\n<meta name=\"twitter:card\" content=\"summary_large_image\" \/>\n<meta name=\"twitter:label1\" content=\"Gesch\u00e4tzte Lesezeit\" \/>\n\t<meta name=\"twitter:data1\" content=\"1\u00a0Minute\" \/>\n<script type=\"application\/ld+json\" class=\"yoast-schema-graph\">{\"@context\":\"https:\/\/schema.org\",\"@graph\":[{\"@type\":\"WebPage\",\"@id\":\"https:\/\/domaine-des-chenes.fr\/de\/zeltplatz-holz-von-paiolive\/\",\"url\":\"https:\/\/domaine-des-chenes.fr\/de\/zeltplatz-holz-von-paiolive\/\",\"name\":\"Der Wald von Paiolive in der s\u00fcdlichen Ard\u00e8che | Wandern Bois de Paiolive\",\"isPartOf\":{\"@id\":\"https:\/\/domaine-des-chenes.fr\/de\/#website\"},\"primaryImageOfPage\":{\"@id\":\"https:\/\/domaine-des-chenes.fr\/de\/zeltplatz-holz-von-paiolive\/#primaryimage\"},\"image\":{\"@id\":\"https:\/\/domaine-des-chenes.fr\/de\/zeltplatz-holz-von-paiolive\/#primaryimage\"},\"thumbnailUrl\":\"https:\/\/domaine-des-chenes.fr\/wp-content\/uploads\/2019\/03\/camping-Bois-de-Pa\u00efolive.jpg\",\"datePublished\":\"2024-12-09T15:41:23+00:00\",\"dateModified\":\"2024-12-10T10:44:53+00:00\",\"description\":\"Urlaub im Bois de Pa\u00efolive: In der s\u00fcdlichen Ard\u00e8che in der N\u00e4he unseres Campingplatzes gelegen, k\u00f6nnen Sie diese einzigartige Sehensw\u00fcrdigkeit nicht \u00fcbersehen.\",\"breadcrumb\":{\"@id\":\"https:\/\/domaine-des-chenes.fr\/de\/zeltplatz-holz-von-paiolive\/#breadcrumb\"},\"inLanguage\":\"de\",\"potentialAction\":[{\"@type\":\"ReadAction\",\"target\":[\"https:\/\/domaine-des-chenes.fr\/de\/zeltplatz-holz-von-paiolive\/\"]}]},{\"@type\":\"ImageObject\",\"inLanguage\":\"de\",\"@id\":\"https:\/\/domaine-des-chenes.fr\/de\/zeltplatz-holz-von-paiolive\/#primaryimage\",\"url\":\"https:\/\/domaine-des-chenes.fr\/wp-content\/uploads\/2019\/03\/camping-Bois-de-Pa\u00efolive.jpg\",\"contentUrl\":\"https:\/\/domaine-des-chenes.fr\/wp-content\/uploads\/2019\/03\/camping-Bois-de-Pa\u00efolive.jpg\",\"width\":1600,\"height\":350},{\"@type\":\"BreadcrumbList\",\"@id\":\"https:\/\/domaine-des-chenes.fr\/de\/zeltplatz-holz-von-paiolive\/#breadcrumb\",\"itemListElement\":[{\"@type\":\"ListItem\",\"position\":1,\"name\":\"Campingplatz Ard\u00e8che\",\"item\":\"https:\/\/domaine-des-chenes.fr\/de\/\"},{\"@type\":\"ListItem\",\"position\":2,\"name\":\"Was kann man in Bois de Pa\u00efolive unternehmen?\"}]},{\"@type\":\"WebSite\",\"@id\":\"https:\/\/domaine-des-chenes.fr\/de\/#website\",\"url\":\"https:\/\/domaine-des-chenes.fr\/de\/\",\"name\":\"Domaine des Ch\u00eanes\",\"description\":\"\",\"potentialAction\":[{\"@type\":\"SearchAction\",\"target\":{\"@type\":\"EntryPoint\",\"urlTemplate\":\"https:\/\/domaine-des-chenes.fr\/de\/?s={search_term_string}\"},\"query-input\":{\"@type\":\"PropertyValueSpecification\",\"valueRequired\":true,\"valueName\":\"search_term_string\"}}],\"inLanguage\":\"de\"}]}<\/script>\n<!-- \/ Yoast SEO plugin. -->","yoast_head_json":{"title":"Der Wald von Paiolive in der s\u00fcdlichen Ard\u00e8che | Wandern Bois de Paiolive","description":"Urlaub im Bois de Pa\u00efolive: In der s\u00fcdlichen Ard\u00e8che in der N\u00e4he unseres Campingplatzes gelegen, k\u00f6nnen Sie diese einzigartige Sehensw\u00fcrdigkeit nicht \u00fcbersehen.","robots":{"index":"index","follow":"follow","max-snippet":"max-snippet:-1","max-image-preview":"max-image-preview:large","max-video-preview":"max-video-preview:-1"},"canonical":"https:\/\/domaine-des-chenes.fr\/de\/zeltplatz-holz-von-paiolive\/","og_locale":"de_DE","og_type":"article","og_title":"Der Wald von Paiolive in der s\u00fcdlichen Ard\u00e8che | Wandern Bois de Paiolive","og_description":"Urlaub im Bois de Pa\u00efolive: In der s\u00fcdlichen Ard\u00e8che in der N\u00e4he unseres Campingplatzes gelegen, k\u00f6nnen Sie diese einzigartige Sehensw\u00fcrdigkeit nicht \u00fcbersehen.","og_url":"https:\/\/domaine-des-chenes.fr\/de\/zeltplatz-holz-von-paiolive\/","og_site_name":"Domaine des Ch\u00eanes","article_modified_time":"2024-12-10T10:44:53+00:00","og_image":[{"width":1600,"height":350,"url":"https:\/\/domaine-des-chenes.fr\/wp-content\/uploads\/2019\/03\/camping-Bois-de-Pa\u00efolive.jpg","type":"image\/jpeg"}],"twitter_card":"summary_large_image","twitter_misc":{"Gesch\u00e4tzte Lesezeit":"1\u00a0Minute"},"schema":{"@context":"https:\/\/schema.org","@graph":[{"@type":"WebPage","@id":"https:\/\/domaine-des-chenes.fr\/de\/zeltplatz-holz-von-paiolive\/","url":"https:\/\/domaine-des-chenes.fr\/de\/zeltplatz-holz-von-paiolive\/","name":"Der Wald von Paiolive in der s\u00fcdlichen Ard\u00e8che | Wandern Bois de Paiolive","isPartOf":{"@id":"https:\/\/domaine-des-chenes.fr\/de\/#website"},"primaryImageOfPage":{"@id":"https:\/\/domaine-des-chenes.fr\/de\/zeltplatz-holz-von-paiolive\/#primaryimage"},"image":{"@id":"https:\/\/domaine-des-chenes.fr\/de\/zeltplatz-holz-von-paiolive\/#primaryimage"},"thumbnailUrl":"https:\/\/domaine-des-chenes.fr\/wp-content\/uploads\/2019\/03\/camping-Bois-de-Pa\u00efolive.jpg","datePublished":"2024-12-09T15:41:23+00:00","dateModified":"2024-12-10T10:44:53+00:00","description":"Urlaub im Bois de Pa\u00efolive: In der s\u00fcdlichen Ard\u00e8che in der N\u00e4he unseres Campingplatzes gelegen, k\u00f6nnen Sie diese einzigartige Sehensw\u00fcrdigkeit nicht \u00fcbersehen.","breadcrumb":{"@id":"https:\/\/domaine-des-chenes.fr\/de\/zeltplatz-holz-von-paiolive\/#breadcrumb"},"inLanguage":"de","potentialAction":[{"@type":"ReadAction","target":["https:\/\/domaine-des-chenes.fr\/de\/zeltplatz-holz-von-paiolive\/"]}]},{"@type":"ImageObject","inLanguage":"de","@id":"https:\/\/domaine-des-chenes.fr\/de\/zeltplatz-holz-von-paiolive\/#primaryimage","url":"https:\/\/domaine-des-chenes.fr\/wp-content\/uploads\/2019\/03\/camping-Bois-de-Pa\u00efolive.jpg","contentUrl":"https:\/\/domaine-des-chenes.fr\/wp-content\/uploads\/2019\/03\/camping-Bois-de-Pa\u00efolive.jpg","width":1600,"height":350},{"@type":"BreadcrumbList","@id":"https:\/\/domaine-des-chenes.fr\/de\/zeltplatz-holz-von-paiolive\/#breadcrumb","itemListElement":[{"@type":"ListItem","position":1,"name":"Campingplatz Ard\u00e8che","item":"https:\/\/domaine-des-chenes.fr\/de\/"},{"@type":"ListItem","position":2,"name":"Was kann man in Bois de Pa\u00efolive unternehmen?"}]},{"@type":"WebSite","@id":"https:\/\/domaine-des-chenes.fr\/de\/#website","url":"https:\/\/domaine-des-chenes.fr\/de\/","name":"Domaine des Ch\u00eanes","description":"","potentialAction":[{"@type":"SearchAction","target":{"@type":"EntryPoint","urlTemplate":"https:\/\/domaine-des-chenes.fr\/de\/?s={search_term_string}"},"query-input":{"@type":"PropertyValueSpecification","valueRequired":true,"valueName":"search_term_string"}}],"inLanguage":"de"}]}},"_links":{"self":[{"href":"https:\/\/domaine-des-chenes.fr\/de\/wp-json\/wp\/v2\/pages\/10068"}],"collection":[{"href":"https:\/\/domaine-des-chenes.fr\/de\/wp-json\/wp\/v2\/pages"}],"about":[{"href":"https:\/\/domaine-des-chenes.fr\/de\/wp-json\/wp\/v2\/types\/page"}],"author":[{"embeddable":true,"href":"https:\/\/domaine-des-chenes.fr\/de\/wp-json\/wp\/v2\/users\/1"}],"replies":[{"embeddable":true,"href":"https:\/\/domaine-des-chenes.fr\/de\/wp-json\/wp\/v2\/comments?post=10068"}],"version-history":[{"count":2,"href":"https:\/\/domaine-des-chenes.fr\/de\/wp-json\/wp\/v2\/pages\/10068\/revisions"}],"predecessor-version":[{"id":10162,"href":"https:\/\/domaine-des-chenes.fr\/de\/wp-json\/wp\/v2\/pages\/10068\/revisions\/10162"}],"wp:featuredmedia":[{"embeddable":true,"href":"https:\/\/domaine-des-chenes.fr\/de\/wp-json\/wp\/v2\/media\/10121"}],"wp:attachment":[{"href":"https:\/\/domaine-des-chenes.fr\/de\/wp-json\/wp\/v2\/media?parent=10068"}],"curies":[{"name":"wp","href":"https:\/\/api.w.org\/{rel}","templated":true}]}}